{"id":7,"date":"2016-08-17T00:52:07","date_gmt":"2016-08-17T03:52:07","guid":{"rendered":"http:\/\/totaltheme.wpengine.com\/vanilla\/?page_id=7"},"modified":"2024-05-27T14:31:13","modified_gmt":"2024-05-27T17:31:13","slug":"publicidade","status":"publish","type":"page","link":"https:\/\/animaking.com.br\/en\/publicidade\/","title":{"rendered":"Advertising"},"content":{"rendered":"<div data-vc-full-width=\"true\" data-vc-full-width-init=\"false\" data-vc-parallax=\"2\" data-vc-parallax-image=\"https:\/\/animaking.com.br\/wp-content\/uploads\/2017\/08\/01-1.jpg\" class=\"vc_row wpb_row vc_row-fluid titlebarHead wpb_animate_when_almost_visible wpb_fadeInUp fadeInUp vc_general vc_parallax vc_parallax-content-moving wpex-vc_row-has-fill wpex-vc-row-stretched\"><div class=\"wpb_column vc_column_container vc_col-sm-12\"><div class=\"vc_column-inner\"><div class=\"wpb_wrapper\"><div class=\"vcex-page-title vcex-module wpex-text-center wpb_animate_when_almost_visible wpb_fadeInUp fadeInUp shadow\" style=\"animation-delay:1s;\"><h1 class=\"vcex-page-title__heading wpex-heading wpex-text-3xl\" style=\"color:#ffffff;font-size:var(--wpex-text-6xl);font-weight:700;\"><span class=\"vcex-page-title__text\">Advertising<\/span><\/h1><\/div><\/div><\/div><\/div><\/div><div class=\"vc_row-full-width vc_clearfix\"><\/div><div class=\"vc_row wpb_row vc_row-fluid wpb_animate_when_almost_visible wpb_fadeInRight fadeInRight vc_custom_1677792496859\"><div class=\"wpb_column spaceCol vc_column_container vc_col-sm-12\"><div class=\"vc_column-inner\"><div class=\"wpb_wrapper\"><div class=\"vc_empty_space\"   style=\"height: 64px\"><span class=\"vc_empty_space_inner\"><\/span><\/div>\n\t<div class=\"wpb_text_column wpb_content_element\" >\n\t\t<div class=\"wpb_wrapper\">\n\t\t\t\n\t\t<\/div>\n\t<\/div>\n<div class=\"vc_empty_space\"   style=\"height: 26px\"><span class=\"vc_empty_space_inner\"><\/span><\/div><\/div><\/div><\/div><\/div><div class=\"vc_row wpb_row vc_row-fluid wpb_animate_when_almost_visible wpb_fadeIn fadeIn\"><div class=\"wpb_column vc_column_container vc_col-sm-12\"><div class=\"vc_column-inner\"><div class=\"wpb_wrapper\"><div class=\"vcex-module vcex-portfolio-grid-wrap wpex-clr\"><div class=\"wpex-row vcex-portfolio-grid wpex-clr entries gap-35\"><div class=\"portfolio-entry vcex-grid-item entry-has-details span_1_of_3 col col-1  textcenter post-923 entry type-portfolio has-media cat-11\"><div class=\"portfolio-entry-inner entry-inner wpex-first-mt-0 wpex-last-mb-0 wpex-clr wpex-shadow-none\"><div class=\"portfolio-entry-media entry-media wpex-rounded-0\"><a href=\"https:\/\/animaking.com.br\/en\/nossos_trabalhos\/case-koerich\/\" title=\"Case Koerich\" class=\"portfolio-entry-media-link\"><img decoding=\"async\" loading=\"lazy\" class=\"portfolio-entry-img wpex-align-middle wpex-rounded-0\" src=\"https:\/\/animaking.com.br\/wp-content\/uploads\/2024\/05\/CAPA-KOERICH-SITE-512x512.png\" alt=\"\" srcset=\"https:\/\/animaking.com.br\/wp-content\/uploads\/2024\/05\/CAPA-KOERICH-SITE-512x512.png 512w, https:\/\/animaking.com.br\/wp-content\/uploads\/2024\/05\/CAPA-KOERICH-SITE-300x300.png 300w, https:\/\/animaking.com.br\/wp-content\/uploads\/2024\/05\/CAPA-KOERICH-SITE-150x150.png 150w, https:\/\/animaking.com.br\/wp-content\/uploads\/2024\/05\/CAPA-KOERICH-SITE-768x768.png 768w, https:\/\/animaking.com.br\/wp-content\/uploads\/2024\/05\/CAPA-KOERICH-SITE-125x125.png 125w, https:\/\/animaking.com.br\/wp-content\/uploads\/2024\/05\/CAPA-KOERICH-SITE.png 925w\" width=\"512\" height=\"512\"><\/a><\/div><div class=\"portfolio-entry-details entry-details wpex-boxed wpex-first-mt-0 wpex-last-mb-0 wpex-clr\"><h2 class=\"portfolio-entry-title entry-title wpex-mb-5\" style=\"margin:4px;font-size:16px;font-weight:400;line-height:var(--wpex-leading-normal);\"><a href=\"https:\/\/animaking.com.br\/en\/nossos_trabalhos\/case-koerich\/\" title=\"Case Koerich\">Case Koerich<\/a><\/h2><\/div><\/div><\/div><div class=\"portfolio-entry vcex-grid-item entry-has-details span_1_of_3 col col-2  textcenter post-1581 entry type-portfolio has-media cat-11\"><div class=\"portfolio-entry-inner entry-inner wpex-first-mt-0 wpex-last-mb-0 wpex-clr wpex-shadow-none\"><div class=\"portfolio-entry-media entry-media wpex-rounded-0\"><a href=\"https:\/\/animaking.com.br\/en\/nossos_trabalhos\/heavy-metal-machines\/\" title=\"Heavy Metal Machines &#8211; Hoplon\" class=\"portfolio-entry-media-link\"><img decoding=\"async\" loading=\"lazy\" class=\"portfolio-entry-img wpex-align-middle wpex-rounded-0\" src=\"https:\/\/animaking.com.br\/wp-content\/uploads\/2024\/05\/capa-hmm-512x512.png\" alt=\"\" srcset=\"https:\/\/animaking.com.br\/wp-content\/uploads\/2024\/05\/capa-hmm-512x512.png 512w, https:\/\/animaking.com.br\/wp-content\/uploads\/2024\/05\/capa-hmm-300x300.png 300w, https:\/\/animaking.com.br\/wp-content\/uploads\/2024\/05\/capa-hmm-1024x1024.png 1024w, https:\/\/animaking.com.br\/wp-content\/uploads\/2024\/05\/capa-hmm-150x150.png 150w, https:\/\/animaking.com.br\/wp-content\/uploads\/2024\/05\/capa-hmm-768x768.png 768w, https:\/\/animaking.com.br\/wp-content\/uploads\/2024\/05\/capa-hmm-125x125.png 125w, https:\/\/animaking.com.br\/wp-content\/uploads\/2024\/05\/capa-hmm.png 1080w\" width=\"512\" height=\"512\"><\/a><\/div><div class=\"portfolio-entry-details entry-details wpex-boxed wpex-first-mt-0 wpex-last-mb-0 wpex-clr\"><h2 class=\"portfolio-entry-title entry-title wpex-mb-5\" style=\"margin:4px;font-size:16px;font-weight:400;line-height:var(--wpex-leading-normal);\"><a href=\"https:\/\/animaking.com.br\/en\/nossos_trabalhos\/heavy-metal-machines\/\" title=\"Heavy Metal Machines &#8211; Hoplon\">Heavy Metal Machines &#8211; Hoplon<\/a><\/h2><\/div><\/div><\/div><div class=\"portfolio-entry vcex-grid-item entry-has-details span_1_of_3 col col-3  textcenter post-1625 entry type-portfolio has-media cat-11\"><div class=\"portfolio-entry-inner entry-inner wpex-first-mt-0 wpex-last-mb-0 wpex-clr wpex-shadow-none\"><div class=\"portfolio-entry-media entry-media wpex-rounded-0\"><a href=\"https:\/\/animaking.com.br\/en\/nossos_trabalhos\/case-sinustrat\/\" title=\"Case Sinustrat\" class=\"portfolio-entry-media-link\"><img decoding=\"async\" loading=\"lazy\" class=\"portfolio-entry-img wpex-align-middle wpex-rounded-0\" src=\"https:\/\/animaking.com.br\/wp-content\/uploads\/2024\/05\/SINUSTRAT-1-e1716817580456-512x512.jpg\" alt=\"\" srcset=\"https:\/\/animaking.com.br\/wp-content\/uploads\/2024\/05\/SINUSTRAT-1-e1716817580456-512x512.jpg 512w, https:\/\/animaking.com.br\/wp-content\/uploads\/2024\/05\/SINUSTRAT-1-e1716817580456-300x300.jpg 300w, https:\/\/animaking.com.br\/wp-content\/uploads\/2024\/05\/SINUSTRAT-1-e1716817580456-150x150.jpg 150w, https:\/\/animaking.com.br\/wp-content\/uploads\/2024\/05\/SINUSTRAT-1-e1716817580456-768x768.jpg 768w, https:\/\/animaking.com.br\/wp-content\/uploads\/2024\/05\/SINUSTRAT-1-e1716817580456-125x125.jpg 125w, https:\/\/animaking.com.br\/wp-content\/uploads\/2024\/05\/SINUSTRAT-1-e1716817580456.jpg 816w\" width=\"512\" height=\"512\"><\/a><\/div><div class=\"portfolio-entry-details entry-details wpex-boxed wpex-first-mt-0 wpex-last-mb-0 wpex-clr\"><h2 class=\"portfolio-entry-title entry-title wpex-mb-5\" style=\"margin:4px;font-size:16px;font-weight:400;line-height:var(--wpex-leading-normal);\"><a href=\"https:\/\/animaking.com.br\/en\/nossos_trabalhos\/case-sinustrat\/\" title=\"Case Sinustrat\">Case Sinustrat<\/a><\/h2><\/div><\/div><\/div><div class=\"portfolio-entry vcex-grid-item entry-has-details span_1_of_3 col col-1  textcenter post-1772 entry type-portfolio has-media cat-11\"><div class=\"portfolio-entry-inner entry-inner wpex-first-mt-0 wpex-last-mb-0 wpex-clr wpex-shadow-none\"><div class=\"portfolio-entry-media entry-media wpex-rounded-0\"><a href=\"https:\/\/animaking.com.br\/en\/nossos_trabalhos\/qr-code-big\/\" title=\"QR Code &#8211; Hipermercado BIG\" class=\"portfolio-entry-media-link\"><img decoding=\"async\" loading=\"lazy\" class=\"portfolio-entry-img wpex-align-middle wpex-rounded-0\" src=\"https:\/\/animaking.com.br\/wp-content\/uploads\/2024\/05\/Captura-de-tela-2024-05-27-142351-512x512.png\" alt=\"\" srcset=\"https:\/\/animaking.com.br\/wp-content\/uploads\/2024\/05\/Captura-de-tela-2024-05-27-142351-512x512.png 512w, https:\/\/animaking.com.br\/wp-content\/uploads\/2024\/05\/Captura-de-tela-2024-05-27-142351-150x150.png 150w, https:\/\/animaking.com.br\/wp-content\/uploads\/2024\/05\/Captura-de-tela-2024-05-27-142351-125x125.png 125w\" width=\"512\" height=\"512\"><\/a><\/div><div class=\"portfolio-entry-details entry-details wpex-boxed wpex-first-mt-0 wpex-last-mb-0 wpex-clr\"><h2 class=\"portfolio-entry-title entry-title wpex-mb-5\" style=\"margin:4px;font-size:16px;font-weight:400;line-height:var(--wpex-leading-normal);\"><a href=\"https:\/\/animaking.com.br\/en\/nossos_trabalhos\/qr-code-big\/\" title=\"QR Code &#8211; Hipermercado BIG\">QR Code &#8211; Hipermercado BIG<\/a><\/h2><\/div><\/div><\/div><div class=\"portfolio-entry vcex-grid-item entry-has-details span_1_of_3 col col-2  textcenter post-62 entry type-portfolio has-media cat-11\"><div class=\"portfolio-entry-inner entry-inner wpex-first-mt-0 wpex-last-mb-0 wpex-clr wpex-shadow-none\"><div class=\"portfolio-entry-media entry-media wpex-rounded-0\"><a href=\"https:\/\/animaking.com.br\/en\/nossos_trabalhos\/velho-chico\/\" title=\"Novela &#8220;Velho Chico&#8221; &#8211; Rede Globo\" class=\"portfolio-entry-media-link\"><img decoding=\"async\" loading=\"lazy\" class=\"portfolio-entry-img wpex-align-middle wpex-rounded-0\" src=\"https:\/\/animaking.com.br\/wp-content\/uploads\/2017\/08\/00-1-512x512.jpg\" alt=\"\" srcset=\"https:\/\/animaking.com.br\/wp-content\/uploads\/2017\/08\/00-1-512x512.jpg 512w, https:\/\/animaking.com.br\/wp-content\/uploads\/2017\/08\/00-1-150x150.jpg 150w, https:\/\/animaking.com.br\/wp-content\/uploads\/2017\/08\/00-1-260x260.jpg 260w, https:\/\/animaking.com.br\/wp-content\/uploads\/2017\/08\/00-1-125x125.jpg 125w\" width=\"512\" height=\"512\"><\/a><\/div><div class=\"portfolio-entry-details entry-details wpex-boxed wpex-first-mt-0 wpex-last-mb-0 wpex-clr\"><h2 class=\"portfolio-entry-title entry-title wpex-mb-5\" style=\"margin:4px;font-size:16px;font-weight:400;line-height:var(--wpex-leading-normal);\"><a href=\"https:\/\/animaking.com.br\/en\/nossos_trabalhos\/velho-chico\/\" title=\"Novela &#8220;Velho Chico&#8221; &#8211; Rede Globo\">Novela &#8220;Velho Chico&#8221; &#8211; Rede Globo<\/a><\/h2><\/div><\/div><\/div><div class=\"portfolio-entry vcex-grid-item entry-has-details span_1_of_3 col col-3  textcenter post-1681 entry type-portfolio has-media cat-11\"><div class=\"portfolio-entry-inner entry-inner wpex-first-mt-0 wpex-last-mb-0 wpex-clr wpex-shadow-none\"><div class=\"portfolio-entry-media entry-media wpex-rounded-0\"><a href=\"https:\/\/animaking.com.br\/en\/nossos_trabalhos\/matcha\/\" title=\"Matcha &#8211; Ch\u00e1 Do Bem\" class=\"portfolio-entry-media-link\"><img decoding=\"async\" loading=\"lazy\" class=\"portfolio-entry-img wpex-align-middle wpex-rounded-0\" src=\"https:\/\/animaking.com.br\/wp-content\/uploads\/2024\/05\/capa-matcha-cha-512x512.png\" alt=\"\" srcset=\"https:\/\/animaking.com.br\/wp-content\/uploads\/2024\/05\/capa-matcha-cha-512x512.png 512w, https:\/\/animaking.com.br\/wp-content\/uploads\/2024\/05\/capa-matcha-cha-300x300.png 300w, https:\/\/animaking.com.br\/wp-content\/uploads\/2024\/05\/capa-matcha-cha-150x150.png 150w, https:\/\/animaking.com.br\/wp-content\/uploads\/2024\/05\/capa-matcha-cha-768x768.png 768w, https:\/\/animaking.com.br\/wp-content\/uploads\/2024\/05\/capa-matcha-cha-125x125.png 125w, https:\/\/animaking.com.br\/wp-content\/uploads\/2024\/05\/capa-matcha-cha.png 990w\" width=\"512\" height=\"512\"><\/a><\/div><div class=\"portfolio-entry-details entry-details wpex-boxed wpex-first-mt-0 wpex-last-mb-0 wpex-clr\"><h2 class=\"portfolio-entry-title entry-title wpex-mb-5\" style=\"margin:4px;font-size:16px;font-weight:400;line-height:var(--wpex-leading-normal);\"><a href=\"https:\/\/animaking.com.br\/en\/nossos_trabalhos\/matcha\/\" title=\"Matcha &#8211; Ch\u00e1 Do Bem\">Matcha &#8211; Ch\u00e1 Do Bem<\/a><\/h2><\/div><\/div><\/div><div class=\"portfolio-entry vcex-grid-item entry-has-details span_1_of_3 col col-1  textcenter post-1614 entry type-portfolio has-media cat-11\"><div class=\"portfolio-entry-inner entry-inner wpex-first-mt-0 wpex-last-mb-0 wpex-clr wpex-shadow-none\"><div class=\"portfolio-entry-media entry-media wpex-rounded-0\"><a href=\"https:\/\/animaking.com.br\/en\/nossos_trabalhos\/projeto-pipoca\/\" title=\"Projeto Pipoca &#8211; Rede Globo (SP)\" class=\"portfolio-entry-media-link\"><img decoding=\"async\" loading=\"lazy\" class=\"portfolio-entry-img wpex-align-middle wpex-rounded-0\" src=\"https:\/\/animaking.com.br\/wp-content\/uploads\/2024\/05\/pipoca-03-512x512.png\" alt=\"\" srcset=\"https:\/\/animaking.com.br\/wp-content\/uploads\/2024\/05\/pipoca-03-512x512.png 512w, https:\/\/animaking.com.br\/wp-content\/uploads\/2024\/05\/pipoca-03-150x150.png 150w, https:\/\/animaking.com.br\/wp-content\/uploads\/2024\/05\/pipoca-03-125x125.png 125w\" width=\"512\" height=\"512\"><\/a><\/div><div class=\"portfolio-entry-details entry-details wpex-boxed wpex-first-mt-0 wpex-last-mb-0 wpex-clr\"><h2 class=\"portfolio-entry-title entry-title wpex-mb-5\" style=\"margin:4px;font-size:16px;font-weight:400;line-height:var(--wpex-leading-normal);\"><a href=\"https:\/\/animaking.com.br\/en\/nossos_trabalhos\/projeto-pipoca\/\" title=\"Projeto Pipoca &#8211; Rede Globo (SP)\">Projeto Pipoca &#8211; Rede Globo (SP)<\/a><\/h2><\/div><\/div><\/div><div class=\"portfolio-entry vcex-grid-item entry-has-details span_1_of_3 col col-2  textcenter post-1667 entry type-portfolio has-media cat-11\"><div class=\"portfolio-entry-inner entry-inner wpex-first-mt-0 wpex-last-mb-0 wpex-clr wpex-shadow-none\"><div class=\"portfolio-entry-media entry-media wpex-rounded-0\"><a href=\"https:\/\/animaking.com.br\/en\/nossos_trabalhos\/o-mundo-feito-a-mao-dohler-textil\/\" title=\"O Mundo Feito a M\u00e3o &#8211; D\u00f6hler Textil\" class=\"portfolio-entry-media-link\"><img decoding=\"async\" loading=\"lazy\" class=\"portfolio-entry-img wpex-align-middle wpex-rounded-0\" src=\"https:\/\/animaking.com.br\/wp-content\/uploads\/2024\/05\/dohler-06-512x512.png\" alt=\"\" srcset=\"https:\/\/animaking.com.br\/wp-content\/uploads\/2024\/05\/dohler-06-512x512.png 512w, https:\/\/animaking.com.br\/wp-content\/uploads\/2024\/05\/dohler-06-150x150.png 150w, https:\/\/animaking.com.br\/wp-content\/uploads\/2024\/05\/dohler-06-260x260.png 260w, https:\/\/animaking.com.br\/wp-content\/uploads\/2024\/05\/dohler-06-125x125.png 125w\" width=\"512\" height=\"512\"><\/a><\/div><div class=\"portfolio-entry-details entry-details wpex-boxed wpex-first-mt-0 wpex-last-mb-0 wpex-clr\"><h2 class=\"portfolio-entry-title entry-title wpex-mb-5\" style=\"margin:4px;font-size:16px;font-weight:400;line-height:var(--wpex-leading-normal);\"><a href=\"https:\/\/animaking.com.br\/en\/nossos_trabalhos\/o-mundo-feito-a-mao-dohler-textil\/\" title=\"O Mundo Feito a M\u00e3o &#8211; D\u00f6hler Textil\">O Mundo Feito a M\u00e3o &#8211; D\u00f6hler Textil<\/a><\/h2><\/div><\/div><\/div><div class=\"portfolio-entry vcex-grid-item entry-has-details span_1_of_3 col col-3  textcenter post-1695 entry type-portfolio has-media cat-11\"><div class=\"portfolio-entry-inner entry-inner wpex-first-mt-0 wpex-last-mb-0 wpex-clr wpex-shadow-none\"><div class=\"portfolio-entry-media entry-media wpex-rounded-0\"><a href=\"https:\/\/animaking.com.br\/en\/nossos_trabalhos\/campanha-lixo\/\" title=\"Campanha do Lixo &#8211; Prefeitura de Joinville (SC)\" class=\"portfolio-entry-media-link\"><img decoding=\"async\" loading=\"lazy\" class=\"portfolio-entry-img wpex-align-middle wpex-rounded-0\" src=\"https:\/\/animaking.com.br\/wp-content\/uploads\/2024\/05\/CAMPANHA-LIXO-03-e1716814948792-512x512.png\" alt=\"\" srcset=\"https:\/\/animaking.com.br\/wp-content\/uploads\/2024\/05\/CAMPANHA-LIXO-03-e1716814948792-512x512.png 512w, https:\/\/animaking.com.br\/wp-content\/uploads\/2024\/05\/CAMPANHA-LIXO-03-e1716814948792-125x125.png 125w\" width=\"512\" height=\"512\"><\/a><\/div><div class=\"portfolio-entry-details entry-details wpex-boxed wpex-first-mt-0 wpex-last-mb-0 wpex-clr\"><h2 class=\"portfolio-entry-title entry-title wpex-mb-5\" style=\"margin:4px;font-size:16px;font-weight:400;line-height:var(--wpex-leading-normal);\"><a href=\"https:\/\/animaking.com.br\/en\/nossos_trabalhos\/campanha-lixo\/\" title=\"Campanha do Lixo &#8211; Prefeitura de Joinville (SC)\">Campanha do Lixo &#8211; Prefeitura de Joinville (SC)<\/a><\/h2><\/div><\/div><\/div><div class=\"portfolio-entry vcex-grid-item entry-has-details span_1_of_3 col col-1  textcenter post-1651 entry type-portfolio has-media cat-11\"><div class=\"portfolio-entry-inner entry-inner wpex-first-mt-0 wpex-last-mb-0 wpex-clr wpex-shadow-none\"><div class=\"portfolio-entry-media entry-media wpex-rounded-0\"><a href=\"https:\/\/animaking.com.br\/en\/nossos_trabalhos\/case-citroen\/\" title=\"Case Citroen\" class=\"portfolio-entry-media-link\"><img decoding=\"async\" loading=\"lazy\" class=\"portfolio-entry-img wpex-align-middle wpex-rounded-0\" src=\"https:\/\/animaking.com.br\/wp-content\/uploads\/2024\/05\/citroen-capa-512x512.png\" alt=\"\" srcset=\"https:\/\/animaking.com.br\/wp-content\/uploads\/2024\/05\/citroen-capa-512x512.png 512w, https:\/\/animaking.com.br\/wp-content\/uploads\/2024\/05\/citroen-capa-300x300.png 300w, https:\/\/animaking.com.br\/wp-content\/uploads\/2024\/05\/citroen-capa-1024x1024.png 1024w, https:\/\/animaking.com.br\/wp-content\/uploads\/2024\/05\/citroen-capa-150x150.png 150w, https:\/\/animaking.com.br\/wp-content\/uploads\/2024\/05\/citroen-capa-768x768.png 768w, https:\/\/animaking.com.br\/wp-content\/uploads\/2024\/05\/citroen-capa-125x125.png 125w, https:\/\/animaking.com.br\/wp-content\/uploads\/2024\/05\/citroen-capa.png 1064w\" width=\"512\" height=\"512\"><\/a><\/div><div class=\"portfolio-entry-details entry-details wpex-boxed wpex-first-mt-0 wpex-last-mb-0 wpex-clr\"><h2 class=\"portfolio-entry-title entry-title wpex-mb-5\" style=\"margin:4px;font-size:16px;font-weight:400;line-height:var(--wpex-leading-normal);\"><a href=\"https:\/\/animaking.com.br\/en\/nossos_trabalhos\/case-citroen\/\" title=\"Case Citroen\">Case Citroen<\/a><\/h2><\/div><\/div><\/div><div class=\"portfolio-entry vcex-grid-item entry-has-details span_1_of_3 col col-2  textcenter post-1697 entry type-portfolio has-media cat-11\"><div class=\"portfolio-entry-inner entry-inner wpex-first-mt-0 wpex-last-mb-0 wpex-clr wpex-shadow-none\"><div class=\"portfolio-entry-media entry-media wpex-rounded-0\"><a href=\"https:\/\/animaking.com.br\/en\/nossos_trabalhos\/pe-na-cova\/\" title=\"Novela &#8220;P\u00e9 Na Cova&#8221; &#8211; Rede Globo\" class=\"portfolio-entry-media-link\"><img decoding=\"async\" loading=\"lazy\" class=\"portfolio-entry-img wpex-align-middle wpex-rounded-0\" src=\"https:\/\/animaking.com.br\/wp-content\/uploads\/2024\/05\/PE-NA-COVA-02-e1716584145318-512x512.png\" alt=\"\" srcset=\"https:\/\/animaking.com.br\/wp-content\/uploads\/2024\/05\/PE-NA-COVA-02-e1716584145318-512x512.png 512w, https:\/\/animaking.com.br\/wp-content\/uploads\/2024\/05\/PE-NA-COVA-02-e1716584145318-125x125.png 125w\" width=\"512\" height=\"512\"><\/a><\/div><div class=\"portfolio-entry-details entry-details wpex-boxed wpex-first-mt-0 wpex-last-mb-0 wpex-clr\"><h2 class=\"portfolio-entry-title entry-title wpex-mb-5\" style=\"margin:4px;font-size:16px;font-weight:400;line-height:var(--wpex-leading-normal);\"><a href=\"https:\/\/animaking.com.br\/en\/nossos_trabalhos\/pe-na-cova\/\" title=\"Novela &#8220;P\u00e9 Na Cova&#8221; &#8211; Rede Globo\">Novela &#8220;P\u00e9 Na Cova&#8221; &#8211; Rede Globo<\/a><\/h2><\/div><\/div><\/div><div class=\"portfolio-entry vcex-grid-item entry-has-details span_1_of_3 col col-3  textcenter post-1729 entry type-portfolio has-media cat-11\"><div class=\"portfolio-entry-inner entry-inner wpex-first-mt-0 wpex-last-mb-0 wpex-clr wpex-shadow-none\"><div class=\"portfolio-entry-media entry-media wpex-rounded-0\"><a href=\"https:\/\/animaking.com.br\/en\/nossos_trabalhos\/cerebro-unifei\/\" title=\"C\u00e9rebro &#8211; UNIFEI\" class=\"portfolio-entry-media-link\"><img decoding=\"async\" loading=\"lazy\" class=\"portfolio-entry-img wpex-align-middle wpex-rounded-0\" src=\"https:\/\/animaking.com.br\/wp-content\/uploads\/2024\/05\/Captura-de-tela-2024-05-27-110719-512x512.png\" alt=\"\" srcset=\"https:\/\/animaking.com.br\/wp-content\/uploads\/2024\/05\/Captura-de-tela-2024-05-27-110719-512x512.png 512w, https:\/\/animaking.com.br\/wp-content\/uploads\/2024\/05\/Captura-de-tela-2024-05-27-110719-150x150.png 150w, https:\/\/animaking.com.br\/wp-content\/uploads\/2024\/05\/Captura-de-tela-2024-05-27-110719-125x125.png 125w\" width=\"512\" height=\"512\"><\/a><\/div><div class=\"portfolio-entry-details entry-details wpex-boxed wpex-first-mt-0 wpex-last-mb-0 wpex-clr\"><h2 class=\"portfolio-entry-title entry-title wpex-mb-5\" style=\"margin:4px;font-size:16px;font-weight:400;line-height:var(--wpex-leading-normal);\"><a href=\"https:\/\/animaking.com.br\/en\/nossos_trabalhos\/cerebro-unifei\/\" title=\"C\u00e9rebro &#8211; UNIFEI\">C\u00e9rebro &#8211; UNIFEI<\/a><\/h2><\/div><\/div><\/div><\/div><div class=\"vcex-loadmore wpex-clear wpex-text-center wpex-mt-10\"><a href=\"#\" class=\"vcex-loadmore-button theme-button\" data-infinite-scroll=\"0\" data-text=\"Load More\" data-loading-text=\"Loading...\" data-failed-text=\"Failed to load posts.\" data-page=\"1\" data-max-pages=\"2\" data-nonce=\"b1a638ba63\" data-shortcode-tag=\"vcex_portfolio_grid\" data-shortcode-params=\"{&quot;posts_per_page&quot;:&quot;12&quot;,&quot;pagination&quot;:&quot;true&quot;,&quot;pagination_loadmore&quot;:&quot;true&quot;,&quot;content_alignment&quot;:&quot;center&quot;,&quot;img_border_radius&quot;:&quot;rounded-0&quot;,&quot;excerpt&quot;:&quot;false&quot;,&quot;read_more&quot;:&quot;false&quot;,&quot;content_heading_size&quot;:&quot;16&quot;,&quot;content_heading_line_height&quot;:&quot;normal&quot;,&quot;content_heading_margin&quot;:&quot;4&quot;,&quot;content_heading_weight&quot;:&quot;normal&quot;,&quot;include_categories&quot;:&quot;11&quot;,&quot;columns_gap&quot;:&quot;35&quot;,&quot;entry_shadow&quot;:&quot;shadow-none&quot;,&quot;img_width&quot;:&quot;512&quot;,&quot;img_height&quot;:&quot;512&quot;,&quot;entry_count&quot;:0}\"><span class=\"vcex-txt\">Load More<\/span><\/a><div class=\"vcex-spinner wpex-hidden\"><svg height=\"20\" width=\"20\" viewbox=\"0 0 36 36\" xmlns=\"http:\/\/www.w3.org\/2000\/svg\"><circle cx=\"18\" cy=\"18\" r=\"18\" fill=\"#a2a2a2\" fill-opacity=\".5\"\/><circle cx=\"18\" cy=\"8\" r=\"4\" fill=\"#fff\"><animatetransform attributename=\"transform\" dur=\"1100ms\" from=\"0 18 18\" repeatcount=\"indefinite\" to=\"360 18 18\" type=\"rotate\"\/><\/circle><\/svg><\/div><\/div><\/div><\/div><\/div><\/div><\/div>","protected":false},"excerpt":{"rendered":"Este filme \u00e9 um comercial cujo conceito essencial \u00e9 \u201cn\u00e3o entregue seu c\u00e9rebro a qualquer um\u201d. Este trocadilho feito em refer\u00eancia a qualidade de ensino duvidosa de muitas faculdades sem reputa\u00e7\u00e3o. O filme foi produzido com t\u00e9cnicas cl\u00e1ssicas de stopmotion. Conceito do Projeto O filme \u00e9 uma anima\u00e7\u00e3o que \u00e9 uma s\u00e1tira aos filmes de&hellip;","protected":false},"author":1,"featured_media":0,"parent":0,"menu_order":0,"comment_status":"closed","ping_status":"closed","template":"","meta":{"footnotes":""},"class_list":["post-7","page","type-page","status-publish","hentry","entry","has-media"],"_links":{"self":[{"href":"https:\/\/animaking.com.br\/en\/wp-json\/wp\/v2\/pages\/7","targetHints":{"allow":["GET"]}}],"collection":[{"href":"https:\/\/animaking.com.br\/en\/wp-json\/wp\/v2\/pages"}],"about":[{"href":"https:\/\/animaking.com.br\/en\/wp-json\/wp\/v2\/types\/page"}],"author":[{"embeddable":true,"href":"https:\/\/animaking.com.br\/en\/wp-json\/wp\/v2\/users\/1"}],"replies":[{"embeddable":true,"href":"https:\/\/animaking.com.br\/en\/wp-json\/wp\/v2\/comments?post=7"}],"version-history":[{"count":38,"href":"https:\/\/animaking.com.br\/en\/wp-json\/wp\/v2\/pages\/7\/revisions"}],"predecessor-version":[{"id":1787,"href":"https:\/\/animaking.com.br\/en\/wp-json\/wp\/v2\/pages\/7\/revisions\/1787"}],"wp:attachment":[{"href":"https:\/\/animaking.com.br\/en\/wp-json\/wp\/v2\/media?parent=7"}],"curies":[{"name":"wp","href":"https:\/\/api.w.org\/{rel}","templated":true}]}}