{"id":385,"date":"2023-03-01T08:46:26","date_gmt":"2023-03-01T11:46:26","guid":{"rendered":"https:\/\/gwprojetos.com.br\/animaking\/?page_id=385"},"modified":"2024-05-29T15:29:05","modified_gmt":"2024-05-29T18:29:05","slug":"series","status":"publish","type":"page","link":"https:\/\/animaking.com.br\/en\/series\/","title":{"rendered":"Series"},"content":{"rendered":"<div data-vc-full-width=\"true\" data-vc-full-width-init=\"false\" data-vc-parallax=\"2\" data-vc-parallax-image=\"https:\/\/animaking.com.br\/wp-content\/uploads\/2023\/11\/WhatsApp-Image-2023-08-02-at-19.14.38-3.jpeg\" class=\"vc_row wpb_row vc_row-fluid titlebarHead wpb_animate_when_almost_visible wpb_fadeInUp fadeInUp vc_custom_1717003707558 vc_general vc_parallax vc_parallax-content-moving wpex-vc_row-has-fill wpex-vc-row-stretched\"><div class=\"wpb_column vc_column_container vc_col-sm-12\"><div class=\"vc_column-inner\"><div class=\"wpb_wrapper\"><div class=\"vcex-page-title vcex-module wpex-text-center wpb_animate_when_almost_visible wpb_fadeInUp fadeInUp shadow\" style=\"animation-delay:0s;\"><h1 class=\"vcex-page-title__heading wpex-heading wpex-text-3xl\" style=\"color:#ffffff;font-size:var(--wpex-text-6xl);font-weight:700;\"><span class=\"vcex-page-title__text\">Series<\/span><\/h1><\/div><\/div><\/div><\/div><\/div><div class=\"vc_row-full-width vc_clearfix\"><\/div><div class=\"vc_row wpb_row vc_row-fluid wpb_animate_when_almost_visible wpb_fadeInRight fadeInRight vc_custom_1677792496859\"><div class=\"wpb_column spaceCol vc_column_container vc_col-sm-12\"><div class=\"vc_column-inner\"><div class=\"wpb_wrapper\">\n\t<div class=\"wpb_text_column wpb_content_element\" >\n\t\t<div class=\"wpb_wrapper\">\n\t\t\t\n\t\t<\/div>\n\t<\/div>\n<\/div><\/div><\/div><\/div><div class=\"vc_row wpb_row vc_row-fluid wpb_animate_when_almost_visible wpb_fadeIn fadeIn\"><div class=\"wpb_column vc_column_container vc_col-sm-12\"><div class=\"vc_column-inner\"><div class=\"wpb_wrapper\"><div class=\"vcex-module vcex-portfolio-grid-wrap wpex-clr\"><div class=\"wpex-row vcex-portfolio-grid wpex-clr entries gap-60\"><div class=\"portfolio-entry vcex-grid-item entry-has-details span_1_of_3 col col-1  textcenter post-2481 entry type-portfolio has-media cat-8\"><div class=\"portfolio-entry-inner entry-inner wpex-first-mt-0 wpex-last-mb-0 wpex-clr wpex-shadow-none\"><div class=\"portfolio-entry-media entry-media wpex-rounded-0\"><a href=\"https:\/\/animaking.com.br\/en\/nossos_trabalhos\/passado-da-hora-sc\/\" title=\"Passado da Hora &#8211; Hist\u00f3ria de Santa Catarina\" class=\"portfolio-entry-media-link\"><img decoding=\"async\" loading=\"lazy\" class=\"portfolio-entry-img wpex-align-middle wpex-rounded-0\" src=\"https:\/\/animaking.com.br\/wp-content\/uploads\/2024\/06\/Captura-de-tela-2024-08-02-110628-274x400.png\" alt=\"\" width=\"274\" height=\"400\"><\/a><\/div><div class=\"portfolio-entry-details entry-details wpex-boxed wpex-first-mt-0 wpex-last-mb-0 wpex-clr\"><h2 class=\"portfolio-entry-title entry-title wpex-mb-5\" style=\"margin:4px;font-size:16px;font-weight:400;line-height:var(--wpex-leading-normal);\"><a href=\"https:\/\/animaking.com.br\/en\/nossos_trabalhos\/passado-da-hora-sc\/\" title=\"Passado da Hora &#8211; Hist\u00f3ria de Santa Catarina\">Past Of Time - History of Santa Catarina<\/a><\/h2><\/div><\/div><\/div><div class=\"portfolio-entry vcex-grid-item entry-has-details span_1_of_3 col col-2  textcenter post-1523 entry type-portfolio has-media cat-8\"><div class=\"portfolio-entry-inner entry-inner wpex-first-mt-0 wpex-last-mb-0 wpex-clr wpex-shadow-none\"><div class=\"portfolio-entry-media entry-media wpex-rounded-0\"><a href=\"https:\/\/animaking.com.br\/en\/nossos_trabalhos\/pdh\/\" title=\"Past Of Time\" class=\"portfolio-entry-media-link\"><img decoding=\"async\" loading=\"lazy\" class=\"portfolio-entry-img wpex-align-middle wpex-rounded-0\" src=\"https:\/\/animaking.com.br\/wp-content\/uploads\/2024\/05\/capa-pdh-e1718891199350-274x400.png\" alt=\"\" width=\"274\" height=\"400\"><\/a><\/div><div class=\"portfolio-entry-details entry-details wpex-boxed wpex-first-mt-0 wpex-last-mb-0 wpex-clr\"><h2 class=\"portfolio-entry-title entry-title wpex-mb-5\" style=\"margin:4px;font-size:16px;font-weight:400;line-height:var(--wpex-leading-normal);\"><a href=\"https:\/\/animaking.com.br\/en\/nossos_trabalhos\/pdh\/\" title=\"Past Of Time\">Past Of Time<\/a><\/h2><\/div><\/div><\/div><div class=\"portfolio-entry vcex-grid-item entry-has-details span_1_of_3 col col-3  textcenter post-65 entry type-portfolio has-media cat-8\"><div class=\"portfolio-entry-inner entry-inner wpex-first-mt-0 wpex-last-mb-0 wpex-clr wpex-shadow-none\"><div class=\"portfolio-entry-media entry-media wpex-rounded-0\"><a href=\"https:\/\/animaking.com.br\/en\/nossos_trabalhos\/chapeuzinho\/\" title=\"Little Hood Of All Colors\" class=\"portfolio-entry-media-link\"><img decoding=\"async\" loading=\"lazy\" class=\"portfolio-entry-img wpex-align-middle wpex-rounded-0\" src=\"https:\/\/animaking.com.br\/wp-content\/uploads\/2017\/08\/Chapeuzinho_v2-274x400.jpg\" alt=\"\" width=\"274\" height=\"400\"><\/a><\/div><div class=\"portfolio-entry-details entry-details wpex-boxed wpex-first-mt-0 wpex-last-mb-0 wpex-clr\"><h2 class=\"portfolio-entry-title entry-title wpex-mb-5\" style=\"margin:4px;font-size:16px;font-weight:400;line-height:var(--wpex-leading-normal);\"><a href=\"https:\/\/animaking.com.br\/en\/nossos_trabalhos\/chapeuzinho\/\" title=\"Little Hood Of All Colors\">Little Hood Of All Colors<\/a><\/h2><\/div><\/div><\/div><div class=\"portfolio-entry vcex-grid-item entry-has-details span_1_of_3 col col-1  textcenter post-68 entry type-portfolio has-media cat-8\"><div class=\"portfolio-entry-inner entry-inner wpex-first-mt-0 wpex-last-mb-0 wpex-clr wpex-shadow-none\"><div class=\"portfolio-entry-media entry-media wpex-rounded-0\"><a href=\"https:\/\/animaking.com.br\/en\/nossos_trabalhos\/animacrianca\/\" title=\"AnimaCrian\u00e7a &#8211; Lendas Brasileiras\" class=\"portfolio-entry-media-link\"><img decoding=\"async\" loading=\"lazy\" class=\"portfolio-entry-img wpex-align-middle wpex-rounded-0\" src=\"https:\/\/animaking.com.br\/wp-content\/uploads\/2017\/08\/Poster_Lendas-scaled-274x400.jpg\" alt=\"\" width=\"274\" height=\"400\"><\/a><\/div><div class=\"portfolio-entry-details entry-details wpex-boxed wpex-first-mt-0 wpex-last-mb-0 wpex-clr\"><h2 class=\"portfolio-entry-title entry-title wpex-mb-5\" style=\"margin:4px;font-size:16px;font-weight:400;line-height:var(--wpex-leading-normal);\"><a href=\"https:\/\/animaking.com.br\/en\/nossos_trabalhos\/animacrianca\/\" title=\"AnimaCrian\u00e7a &#8211; Lendas Brasileiras\">AnimaChild - Brazilian Legends<\/a><\/h2><\/div><\/div><\/div><div class=\"portfolio-entry vcex-grid-item entry-has-details span_1_of_3 col col-2  textcenter post-1937 entry type-portfolio has-media cat-8\"><div class=\"portfolio-entry-inner entry-inner wpex-first-mt-0 wpex-last-mb-0 wpex-clr wpex-shadow-none\"><div class=\"portfolio-entry-media entry-media wpex-rounded-0\"><a href=\"https:\/\/animaking.com.br\/en\/nossos_trabalhos\/liga-dos-mascotes\/\" title=\"Mascot League\" class=\"portfolio-entry-media-link\"><img decoding=\"async\" loading=\"lazy\" class=\"portfolio-entry-img wpex-align-middle wpex-rounded-0\" src=\"https:\/\/animaking.com.br\/wp-content\/uploads\/2024\/05\/capas-site-a4-LIGA-DOS-MASCOTES-274x400.png\" alt=\"\" width=\"274\" height=\"400\"><\/a><\/div><div class=\"portfolio-entry-details entry-details wpex-boxed wpex-first-mt-0 wpex-last-mb-0 wpex-clr\"><h2 class=\"portfolio-entry-title entry-title wpex-mb-5\" style=\"margin:4px;font-size:16px;font-weight:400;line-height:var(--wpex-leading-normal);\"><a href=\"https:\/\/animaking.com.br\/en\/nossos_trabalhos\/liga-dos-mascotes\/\" title=\"Mascot League\">Mascot League<\/a><\/h2><\/div><\/div><\/div><div class=\"portfolio-entry vcex-grid-item entry-has-details span_1_of_3 col col-3  textcenter post-55 entry type-portfolio has-media cat-8\"><div class=\"portfolio-entry-inner entry-inner wpex-first-mt-0 wpex-last-mb-0 wpex-clr wpex-shadow-none\"><div class=\"portfolio-entry-media entry-media wpex-rounded-0\"><a href=\"https:\/\/animaking.com.br\/en\/nossos_trabalhos\/tantam\/\" title=\"Tantam\" class=\"portfolio-entry-media-link\"><img decoding=\"async\" loading=\"lazy\" class=\"portfolio-entry-img wpex-align-middle wpex-rounded-0\" src=\"https:\/\/animaking.com.br\/wp-content\/uploads\/2017\/08\/Poster-scaled-274x400.jpg\" alt=\"\" width=\"274\" height=\"400\"><\/a><\/div><div class=\"portfolio-entry-details entry-details wpex-boxed wpex-first-mt-0 wpex-last-mb-0 wpex-clr\"><h2 class=\"portfolio-entry-title entry-title wpex-mb-5\" style=\"margin:4px;font-size:16px;font-weight:400;line-height:var(--wpex-leading-normal);\"><a href=\"https:\/\/animaking.com.br\/en\/nossos_trabalhos\/tantam\/\" title=\"Tantam\">Tantam<\/a><\/h2><\/div><\/div><\/div><div class=\"portfolio-entry vcex-grid-item entry-has-details span_1_of_3 col col-1  textcenter post-1989 entry type-portfolio has-media cat-8\"><div class=\"portfolio-entry-inner entry-inner wpex-first-mt-0 wpex-last-mb-0 wpex-clr wpex-shadow-none\"><div class=\"portfolio-entry-media entry-media wpex-rounded-0\"><a href=\"https:\/\/animaking.com.br\/en\/nossos_trabalhos\/passado-da-hora-historia-do-brasil\/\" title=\"Passado da Hora &#8211; Hist\u00f3ria do Brasil\" class=\"portfolio-entry-media-link\"><img decoding=\"async\" loading=\"lazy\" class=\"portfolio-entry-img wpex-align-middle wpex-rounded-0\" src=\"https:\/\/animaking.com.br\/wp-content\/uploads\/2024\/05\/Poster_PH-scaled-274x400.jpg\" alt=\"\" width=\"274\" height=\"400\"><\/a><\/div><div class=\"portfolio-entry-details entry-details wpex-boxed wpex-first-mt-0 wpex-last-mb-0 wpex-clr\"><h2 class=\"portfolio-entry-title entry-title wpex-mb-5\" style=\"margin:4px;font-size:16px;font-weight:400;line-height:var(--wpex-leading-normal);\"><a href=\"https:\/\/animaking.com.br\/en\/nossos_trabalhos\/passado-da-hora-historia-do-brasil\/\" title=\"Passado da Hora &#8211; Hist\u00f3ria do Brasil\">Past Of Time - History Of Brazil<\/a><\/h2><\/div><\/div><\/div><\/div><\/div><\/div><\/div><\/div><\/div>","protected":false},"excerpt":{"rendered":"Dentro de um museu de hist\u00f3ria natural, uma ampulheta m\u00e1gica d\u00e1 vida aos personagens mais improv\u00e1veis da Hist\u00f3ria mundial. Rex, o esqueleto de Tiranossauro Brasileiro \u00e9 o apresentador do programa e o comandante de uma trupe de personagens hist\u00f3ricos que v\u00e3o revelar segredos e curiosidades hist\u00f3ricas que n\u00e3o est\u00e3o nos livros de hist\u00f3ria! Cada personagem&hellip;","protected":false},"author":1,"featured_media":0,"parent":0,"menu_order":0,"comment_status":"closed","ping_status":"closed","template":"","meta":{"footnotes":""},"class_list":["post-385","page","type-page","status-publish","hentry","entry","no-media"],"_links":{"self":[{"href":"https:\/\/animaking.com.br\/en\/wp-json\/wp\/v2\/pages\/385","targetHints":{"allow":["GET"]}}],"collection":[{"href":"https:\/\/animaking.com.br\/en\/wp-json\/wp\/v2\/pages"}],"about":[{"href":"https:\/\/animaking.com.br\/en\/wp-json\/wp\/v2\/types\/page"}],"author":[{"embeddable":true,"href":"https:\/\/animaking.com.br\/en\/wp-json\/wp\/v2\/users\/1"}],"replies":[{"embeddable":true,"href":"https:\/\/animaking.com.br\/en\/wp-json\/wp\/v2\/comments?post=385"}],"version-history":[{"count":30,"href":"https:\/\/animaking.com.br\/en\/wp-json\/wp\/v2\/pages\/385\/revisions"}],"predecessor-version":[{"id":2110,"href":"https:\/\/animaking.com.br\/en\/wp-json\/wp\/v2\/pages\/385\/revisions\/2110"}],"wp:attachment":[{"href":"https:\/\/animaking.com.br\/en\/wp-json\/wp\/v2\/media?parent=385"}],"curies":[{"name":"wp","href":"https:\/\/api.w.org\/{rel}","templated":true}]}}