{"id":383,"date":"2023-03-01T08:45:18","date_gmt":"2023-03-01T11:45:18","guid":{"rendered":"https:\/\/gwprojetos.com.br\/animaking\/?page_id=383"},"modified":"2024-05-29T15:37:33","modified_gmt":"2024-05-29T18:37:33","slug":"curtas","status":"publish","type":"page","link":"https:\/\/animaking.com.br\/en\/curtas\/","title":{"rendered":"Short Films"},"content":{"rendered":"<div data-vc-full-width=\"true\" data-vc-full-width-init=\"false\" data-vc-parallax=\"2\" data-vc-parallax-image=\"https:\/\/animaking.com.br\/wp-content\/uploads\/2017\/08\/DSCF0008.jpg\" class=\"vc_row wpb_row vc_row-fluid titlebarHead wpb_animate_when_almost_visible wpb_fadeInUp fadeInUp vc_general vc_parallax vc_parallax-content-moving wpex-vc_row-has-fill wpex-vc-row-stretched\"><div class=\"wpb_column vc_column_container vc_col-sm-12\"><div class=\"vc_column-inner\"><div class=\"wpb_wrapper\"><div class=\"vcex-page-title vcex-module wpex-text-center wpb_animate_when_almost_visible wpb_fadeInUp fadeInUp shadow\" style=\"animation-delay:0s;\"><h1 class=\"vcex-page-title__heading wpex-heading wpex-text-3xl\" style=\"color:#ffffff;font-size:var(--wpex-text-6xl);font-weight:700;\"><span class=\"vcex-page-title__text\">Short Films<\/span><\/h1><\/div><\/div><\/div><\/div><\/div><div class=\"vc_row-full-width vc_clearfix\"><\/div><div class=\"vc_row wpb_row vc_row-fluid wpb_animate_when_almost_visible wpb_fadeInRight fadeInRight vc_custom_1677792496859\"><div class=\"wpb_column spaceCol vc_column_container vc_col-sm-12\"><div class=\"vc_column-inner\"><div class=\"wpb_wrapper\"><div class=\"vc_empty_space\"   style=\"height: 64px\"><span class=\"vc_empty_space_inner\"><\/span><\/div>\n\t<div class=\"wpb_text_column wpb_content_element\" >\n\t\t<div class=\"wpb_wrapper\">\n\t\t\t\n\t\t<\/div>\n\t<\/div>\n<\/div><\/div><\/div><\/div><div class=\"vc_row wpb_row vc_row-fluid wpb_animate_when_almost_visible wpb_fadeIn fadeIn\"><div class=\"wpb_column vc_column_container vc_col-sm-12\"><div class=\"vc_column-inner\"><div class=\"wpb_wrapper\"><div class=\"vcex-module vcex-portfolio-grid-wrap wpex-clr\"><div class=\"wpex-row vcex-portfolio-grid wpex-clr entries gap-35\"><div class=\"portfolio-entry vcex-grid-item entry-has-details span_1_of_3 col col-1  textcenter post-625 entry type-portfolio has-media cat-10\"><div class=\"portfolio-entry-inner entry-inner wpex-first-mt-0 wpex-last-mb-0 wpex-clr wpex-shadow-none\"><div class=\"portfolio-entry-media entry-media wpex-rounded-0\"><a href=\"https:\/\/animaking.com.br\/en\/nossos_trabalhos\/reflexo-suspeito\/\" title=\"Suspicious Reflection\" class=\"portfolio-entry-media-link\"><img decoding=\"async\" loading=\"lazy\" class=\"portfolio-entry-img wpex-align-middle wpex-rounded-0\" src=\"https:\/\/animaking.com.br\/wp-content\/uploads\/2023\/03\/capas-site-a4-reflexo-suspeito-274x400.png\" alt=\"\" width=\"274\" height=\"400\"><\/a><\/div><div class=\"portfolio-entry-details entry-details wpex-boxed wpex-first-mt-0 wpex-last-mb-0 wpex-clr\"><h2 class=\"portfolio-entry-title entry-title wpex-mb-5\" style=\"margin:4px;font-size:16px;font-weight:400;line-height:var(--wpex-leading-normal);\"><a href=\"https:\/\/animaking.com.br\/en\/nossos_trabalhos\/reflexo-suspeito\/\" title=\"Suspicious Reflection\">Suspicious Reflection<\/a><\/h2><\/div><\/div><\/div><div class=\"portfolio-entry vcex-grid-item entry-has-details span_1_of_3 col col-2  textcenter post-60 entry type-portfolio has-media cat-10\"><div class=\"portfolio-entry-inner entry-inner wpex-first-mt-0 wpex-last-mb-0 wpex-clr wpex-shadow-none\"><div class=\"portfolio-entry-media entry-media wpex-rounded-0\"><a href=\"https:\/\/animaking.com.br\/en\/nossos_trabalhos\/iara\/\" title=\"Iara (Swear I Saw Series)\" class=\"portfolio-entry-media-link\"><img decoding=\"async\" loading=\"lazy\" class=\"portfolio-entry-img wpex-align-middle wpex-rounded-0\" src=\"https:\/\/animaking.com.br\/wp-content\/uploads\/2017\/08\/capa-site-iara-274x400.png\" alt=\"\" width=\"274\" height=\"400\"><\/a><\/div><div class=\"portfolio-entry-details entry-details wpex-boxed wpex-first-mt-0 wpex-last-mb-0 wpex-clr\"><h2 class=\"portfolio-entry-title entry-title wpex-mb-5\" style=\"margin:4px;font-size:16px;font-weight:400;line-height:var(--wpex-leading-normal);\"><a href=\"https:\/\/animaking.com.br\/en\/nossos_trabalhos\/iara\/\" title=\"Iara (Swear I Saw Series)\">Iara (Swear I Saw Series)<\/a><\/h2><\/div><\/div><\/div><div class=\"portfolio-entry vcex-grid-item entry-has-details span_1_of_3 col col-3  textcenter post-67 entry type-portfolio has-media cat-10\"><div class=\"portfolio-entry-inner entry-inner wpex-first-mt-0 wpex-last-mb-0 wpex-clr wpex-shadow-none\"><div class=\"portfolio-entry-media entry-media wpex-rounded-0\"><a href=\"https:\/\/animaking.com.br\/en\/nossos_trabalhos\/minhocas-curta\/\" title=\"Minhocas &#8211; A Lenda\" class=\"portfolio-entry-media-link\"><img decoding=\"async\" loading=\"lazy\" class=\"portfolio-entry-img wpex-align-middle wpex-rounded-0\" src=\"https:\/\/animaking.com.br\/wp-content\/uploads\/2017\/08\/DSCF0009-274x400.jpg\" alt=\"\" width=\"274\" height=\"400\"><\/a><\/div><div class=\"portfolio-entry-details entry-details wpex-boxed wpex-first-mt-0 wpex-last-mb-0 wpex-clr\"><h2 class=\"portfolio-entry-title entry-title wpex-mb-5\" style=\"margin:4px;font-size:16px;font-weight:400;line-height:var(--wpex-leading-normal);\"><a href=\"https:\/\/animaking.com.br\/en\/nossos_trabalhos\/minhocas-curta\/\" title=\"Minhocas &#8211; A Lenda\">Worms - The Legend<\/a><\/h2><\/div><\/div><\/div><\/div><\/div><div class=\"vc_empty_space\"   style=\"height: 26px\"><span class=\"vc_empty_space_inner\"><\/span><\/div><\/div><\/div><\/div><\/div>","protected":false},"excerpt":{"rendered":"Uma hist\u00f3ria sobre uma minhoca crian\u00e7a e curiosa que faz perguntas sobre a vida para seus pais e acaba entrando em uma aventura para descobrir o \"por que n\u00e3o podem cavar para cima\". Venha descobrir os mist\u00e9rios do mundo das Minhocas! V\u00cdDEO Galeria de ImagensPR\u00caMIOS Pr\u00eamio MINC Curta 2003 | VI Festival Luso\u2013Brasileiro de curtas&hellip;","protected":false},"author":1,"featured_media":0,"parent":0,"menu_order":0,"comment_status":"closed","ping_status":"closed","template":"","meta":{"footnotes":""},"class_list":["post-383","page","type-page","status-publish","hentry","entry","no-media"],"_links":{"self":[{"href":"https:\/\/animaking.com.br\/en\/wp-json\/wp\/v2\/pages\/383","targetHints":{"allow":["GET"]}}],"collection":[{"href":"https:\/\/animaking.com.br\/en\/wp-json\/wp\/v2\/pages"}],"about":[{"href":"https:\/\/animaking.com.br\/en\/wp-json\/wp\/v2\/types\/page"}],"author":[{"embeddable":true,"href":"https:\/\/animaking.com.br\/en\/wp-json\/wp\/v2\/users\/1"}],"replies":[{"embeddable":true,"href":"https:\/\/animaking.com.br\/en\/wp-json\/wp\/v2\/comments?post=383"}],"version-history":[{"count":22,"href":"https:\/\/animaking.com.br\/en\/wp-json\/wp\/v2\/pages\/383\/revisions"}],"predecessor-version":[{"id":2115,"href":"https:\/\/animaking.com.br\/en\/wp-json\/wp\/v2\/pages\/383\/revisions\/2115"}],"wp:attachment":[{"href":"https:\/\/animaking.com.br\/en\/wp-json\/wp\/v2\/media?parent=383"}],"curies":[{"name":"wp","href":"https:\/\/api.w.org\/{rel}","templated":true}]}}