{"id":370,"date":"2023-03-01T08:28:20","date_gmt":"2023-03-01T11:28:20","guid":{"rendered":"https:\/\/gwprojetos.com.br\/animaking\/?page_id=370"},"modified":"2024-05-28T11:30:06","modified_gmt":"2024-05-28T14:30:06","slug":"longas","status":"publish","type":"page","link":"https:\/\/animaking.com.br\/en\/longas\/","title":{"rendered":"Feature Films"},"content":{"rendered":"<div data-vc-full-width=\"true\" data-vc-full-width-init=\"false\" data-vc-parallax=\"2\" data-vc-parallax-image=\"https:\/\/animaking.com.br\/wp-content\/uploads\/2024\/05\/7_familia.jpg\" class=\"vc_row wpb_row vc_row-fluid titlebarHead wpb_animate_when_almost_visible wpb_fadeInUp fadeInUp vc_custom_1716906563186 vc_general vc_parallax vc_parallax-content-moving wpex-vc_row-has-fill wpex-vc-row-stretched\"><div class=\"wpb_column vc_column_container vc_col-sm-12\"><div class=\"vc_column-inner\"><div class=\"wpb_wrapper\"><div class=\"vcex-page-title vcex-module wpex-text-center wpb_animate_when_almost_visible wpb_fadeIn fadeIn\" style=\"animation-delay:1s;\"><h1 class=\"vcex-page-title__heading wpex-heading wpex-text-3xl\" style=\"color:#ffffff;font-size:var(--wpex-text-6xl);font-weight:700;\"><span class=\"vcex-page-title__text\">Feature Films<\/span><\/h1><\/div><\/div><\/div><\/div><\/div><div class=\"vc_row-full-width vc_clearfix\"><\/div><div class=\"vc_row wpb_row vc_row-fluid wpb_animate_when_almost_visible wpb_fadeInRight fadeInRight vc_custom_1677792496859\"><div class=\"wpb_column spaceCol vc_column_container vc_col-sm-12\"><div class=\"vc_column-inner\"><div class=\"wpb_wrapper\"><div class=\"vc_empty_space\"   style=\"height: 64px\"><span class=\"vc_empty_space_inner\"><\/span><\/div>\n\t<div class=\"wpb_text_column wpb_content_element\" >\n\t\t<div class=\"wpb_wrapper\">\n\t\t\t\n\t\t<\/div>\n\t<\/div>\n<\/div><\/div><\/div><\/div><div class=\"vc_row wpb_row vc_row-fluid wpb_animate_when_almost_visible wpb_fadeIn fadeIn\"><div class=\"wpb_column vc_column_container vc_col-sm-12\"><div class=\"vc_column-inner\"><div class=\"wpb_wrapper\"><div class=\"vcex-module vcex-portfolio-grid-wrap wpex-clr\"><div class=\"wpex-row vcex-portfolio-grid wpex-clr entries gap-60\"><div class=\"portfolio-entry vcex-grid-item entry-has-details span_1_of_3 col col-1  textcenter post-61 entry type-portfolio has-media tag-13 tag-12 cat-9\"><div class=\"portfolio-entry-inner entry-inner wpex-first-mt-0 wpex-last-mb-0 wpex-clr wpex-shadow-none\"><div class=\"portfolio-entry-media entry-media wpex-rounded-0\"><a href=\"https:\/\/animaking.com.br\/en\/nossos_trabalhos\/minhocas\/\" title=\"Worms\" class=\"portfolio-entry-media-link\"><img decoding=\"async\" loading=\"lazy\" class=\"portfolio-entry-img wpex-align-middle wpex-rounded-0\" src=\"https:\/\/animaking.com.br\/wp-content\/uploads\/2023\/01\/poster_minhocas-2-center-top-274x400.jpg\" alt=\"\" srcset=\"https:\/\/animaking.com.br\/wp-content\/uploads\/2023\/01\/poster_minhocas-2-center-top-274x400.jpg 274w, https:\/\/animaking.com.br\/wp-content\/uploads\/2023\/01\/poster_minhocas-2-205x300.jpg 205w, https:\/\/animaking.com.br\/wp-content\/uploads\/2023\/01\/poster_minhocas-2-700x1024.jpg 700w, https:\/\/animaking.com.br\/wp-content\/uploads\/2023\/01\/poster_minhocas-2.jpg 720w\" width=\"274\" height=\"400\"><\/a><\/div><div class=\"portfolio-entry-details entry-details wpex-boxed wpex-first-mt-0 wpex-last-mb-0 wpex-clr\"><h2 class=\"portfolio-entry-title entry-title wpex-mb-5\" style=\"margin:4px;font-size:16px;font-weight:400;line-height:var(--wpex-leading-normal);\"><a href=\"https:\/\/animaking.com.br\/en\/nossos_trabalhos\/minhocas\/\" title=\"Worms\">Worms<\/a><\/h2><\/div><\/div><\/div><\/div><\/div><\/div><\/div><\/div><\/div>","protected":false},"excerpt":{"rendered":"Inspirado pelo curta-metragem hom\u00f4nimo que venceu mais de 10 (dez) pr\u00eamios em festivais ao redor do mundo, \"Minhocas\" \u00e9 o primeiro filme stop motion brasileiro, lan\u00e7ado em dezembro de 2013 no Brasil, e em 2015 na Europa, \u00c1sia e Estados Unidos. O filme conta uma grande aventura pautada pela f\u00e1bula do amadurecimento do personagem central,&hellip;","protected":false},"author":1,"featured_media":705,"parent":0,"menu_order":0,"comment_status":"closed","ping_status":"closed","template":"","meta":{"footnotes":""},"class_list":["post-370","page","type-page","status-publish","has-post-thumbnail","hentry","entry","no-media"],"_links":{"self":[{"href":"https:\/\/animaking.com.br\/en\/wp-json\/wp\/v2\/pages\/370","targetHints":{"allow":["GET"]}}],"collection":[{"href":"https:\/\/animaking.com.br\/en\/wp-json\/wp\/v2\/pages"}],"about":[{"href":"https:\/\/animaking.com.br\/en\/wp-json\/wp\/v2\/types\/page"}],"author":[{"embeddable":true,"href":"https:\/\/animaking.com.br\/en\/wp-json\/wp\/v2\/users\/1"}],"replies":[{"embeddable":true,"href":"https:\/\/animaking.com.br\/en\/wp-json\/wp\/v2\/comments?post=370"}],"version-history":[{"count":58,"href":"https:\/\/animaking.com.br\/en\/wp-json\/wp\/v2\/pages\/370\/revisions"}],"predecessor-version":[{"id":1879,"href":"https:\/\/animaking.com.br\/en\/wp-json\/wp\/v2\/pages\/370\/revisions\/1879"}],"wp:featuredmedia":[{"embeddable":true,"href":"https:\/\/animaking.com.br\/en\/wp-json\/wp\/v2\/media\/705"}],"wp:attachment":[{"href":"https:\/\/animaking.com.br\/en\/wp-json\/wp\/v2\/media?parent=370"}],"curies":[{"name":"wp","href":"https:\/\/api.w.org\/{rel}","templated":true}]}}