{"id":2357,"date":"2024-07-02T16:11:40","date_gmt":"2024-07-02T19:11:40","guid":{"rendered":"https:\/\/animaking.com.br\/?page_id=2357"},"modified":"2024-10-01T16:27:24","modified_gmt":"2024-10-01T19:27:24","slug":"blog","status":"publish","type":"page","link":"https:\/\/animaking.com.br\/en\/blog\/","title":{"rendered":"Blog"},"content":{"rendered":"<div data-vc-full-width=\"true\" data-vc-full-width-init=\"false\" data-vc-parallax=\"1.5\" data-vc-parallax-image=\"https:\/\/animaking.com.br\/wp-content\/uploads\/2023\/03\/IMG_3156-scaled.jpg\" class=\"vc_row wpb_row vc_row-fluid titlebarHead wpb_animate_when_almost_visible wpb_fadeIn fadeIn vc_custom_1727810829785 vc_general vc_parallax vc_parallax-content-moving wpex-vc_row-has-fill wpex-vc-row-stretched\"><div class=\"wpb_column vc_column_container vc_col-sm-12\"><div class=\"vc_column-inner\"><div class=\"wpb_wrapper\"><div class=\"vcex-heading vcex-module wpex-text-2xl wpex-font-normal wpex-m-auto wpex-max-w-100 vcex-heading-plain wpex-block wpex-text-center  wpb_animate_when_almost_visible wpb_fadeIn fadeIn sectitle\" style=\"color:#ffffff;font-size:var(--wpex-text-7xl);font-weight:700;text-transform:uppercase;animation-delay:0s;\"><span class=\"vcex-heading-inner wpex-inline-block wpex-clr\">BLOG<\/span><\/div><\/div><\/div><\/div><\/div><div class=\"vc_row-full-width vc_clearfix\"><\/div><div class=\"vc_row wpb_row vc_row-fluid\"><div class=\"wpb_column vc_column_container vc_col-sm-12\"><div class=\"vc_column-inner\"><div class=\"wpb_wrapper\"><div class=\"wpex-post-cards wpex-post-cards-blog_7 wpex-relative\"><div class=\"wpex-post-cards-inner\"><div class=\"wpex-post-cards-loop wpex-post-cards-grid wpex-row wpex-clr\"><div class=\"wpex-post-cards-entry post-2510 type-post col col-1 span_1_of_3 cat-14\"><div class=\"wpex-card wpex-card-blog_7\"><div class=\"wpex-card-inner wpex-flex wpex-flex-col wpex-flex-grow wpex-surface-1 wpex-border wpex-border-solid wpex-border-main\"><div class=\"wpex-card-media\"><div class=\"wpex-card-thumbnail wpex-relative\"><a href=\"https:\/\/animaking.com.br\/en\/pdhsc-evento\/\"><img decoding=\"async\" width=\"2560\" height=\"1707\" src=\"https:\/\/animaking.com.br\/wp-content\/uploads\/2024\/10\/JSOM_0183-scaled.jpg\" class=\"wpex-align-middle\" alt=\"Animaking lan\u00e7a s\u00e9rie &#8220;Passado da Hora &#8211; Hist\u00f3ria de Santa Catarina&#8221; com evento especial em Florian\u00f3polis\" loading=\"lazy\" srcset=\"https:\/\/animaking.com.br\/wp-content\/uploads\/2024\/10\/JSOM_0183-scaled.jpg 2560w, https:\/\/animaking.com.br\/wp-content\/uploads\/2024\/10\/JSOM_0183-300x200.jpg 300w, https:\/\/animaking.com.br\/wp-content\/uploads\/2024\/10\/JSOM_0183-scaled-1024x683.jpg 1024w, https:\/\/animaking.com.br\/wp-content\/uploads\/2024\/10\/JSOM_0183-768x512.jpg 768w, https:\/\/animaking.com.br\/wp-content\/uploads\/2024\/10\/JSOM_0183-1536x1024.jpg 1536w, https:\/\/animaking.com.br\/wp-content\/uploads\/2024\/10\/JSOM_0183-2048x1366.jpg 2048w, https:\/\/animaking.com.br\/wp-content\/uploads\/2024\/10\/JSOM_0183-scaled-1200x800.jpg 1200w\" sizes=\"auto, (max-width: 2560px) 100vw, 2560px\" \/><\/a><\/div><\/div><div class=\"wpex-card-details wpex-m-25 wpex-last-mb-0\"><div class=\"wpex-card-primary-term wpex-font-semibold wpex-leading-normal wpex-mb-15\"><a href=\"https:\/\/animaking.com.br\/en\/category\/blog\/\" class=\"wpex-inline-block wpex-bg-accent wpex-hover-bg-accent_alt wpex-no-underline wpex-px-10 wpex-py-5 wpex-text-xs has-term-14-background-color\">Blog<\/a><\/div><h2 class=\"wpex-card-title wpex-heading wpex-text-xl wpex-font-bold wpex-my-15\"><a href=\"https:\/\/animaking.com.br\/en\/pdhsc-evento\/\" class=\"wpex-inherit-color-important\">Animaking launches series \u201cPast Of Time \u2013 History of Santa Catarina\u201d with special event in Florian\u00f3polis<\/a><\/h2><div class=\"wpex-card-excerpt wpex-last-mb-0 wpex-my-15\"><p>Last week (09\/23\/2024), Animaking held a memorable event to launch its newest animated series,\u2026<\/p><\/div><\/div><div class=\"wpex-card-footer wpex-mt-auto wpex-mx-25 wpex-mb-25\"><div class=\"wpex-card-date wpex-text-3\"><span class=\"ticon ticon-clock-o wpex-mr-5\" aria-hidden=\"true\"><\/span>1 de October de 2024<\/div><\/div><\/div><\/div><\/div><\/div><\/div><\/div><\/div><\/div><\/div><\/div>","protected":false},"excerpt":{"rendered":"Na \u00faltima semana (23\/09\/2024), a Animaking realizou um evento memor\u00e1vel para o lan\u00e7amento de sua mais nova s\u00e9rie de anima\u00e7\u00e3o, \"Passado da Hora - Hist\u00f3ria de Santa Catarina\", no audit\u00f3rio do Passeio Sapiens, em Florian\u00f3polis. A s\u00e9rie, criada para toda a fam\u00edlia, tem como objetivo resgatar e contar de forma l\u00fadica e educativa a rica&hellip;","protected":false},"author":2,"featured_media":0,"parent":0,"menu_order":0,"comment_status":"closed","ping_status":"closed","template":"","meta":{"footnotes":""},"class_list":["post-2357","page","type-page","status-publish","hentry","entry","has-media"],"_links":{"self":[{"href":"https:\/\/animaking.com.br\/en\/wp-json\/wp\/v2\/pages\/2357","targetHints":{"allow":["GET"]}}],"collection":[{"href":"https:\/\/animaking.com.br\/en\/wp-json\/wp\/v2\/pages"}],"about":[{"href":"https:\/\/animaking.com.br\/en\/wp-json\/wp\/v2\/types\/page"}],"author":[{"embeddable":true,"href":"https:\/\/animaking.com.br\/en\/wp-json\/wp\/v2\/users\/2"}],"replies":[{"embeddable":true,"href":"https:\/\/animaking.com.br\/en\/wp-json\/wp\/v2\/comments?post=2357"}],"version-history":[{"count":13,"href":"https:\/\/animaking.com.br\/en\/wp-json\/wp\/v2\/pages\/2357\/revisions"}],"predecessor-version":[{"id":2550,"href":"https:\/\/animaking.com.br\/en\/wp-json\/wp\/v2\/pages\/2357\/revisions\/2550"}],"wp:attachment":[{"href":"https:\/\/animaking.com.br\/en\/wp-json\/wp\/v2\/media?parent=2357"}],"curies":[{"name":"wp","href":"https:\/\/api.w.org\/{rel}","templated":true}]}}