{"id":197,"date":"2023-02-16T10:30:51","date_gmt":"2023-02-16T13:30:51","guid":{"rendered":"https:\/\/gwprojetos.com.br\/animaking\/?page_id=197"},"modified":"2024-05-27T12:58:43","modified_gmt":"2024-05-27T15:58:43","slug":"carreiras","status":"publish","type":"page","link":"https:\/\/animaking.com.br\/en\/carreiras\/","title":{"rendered":"Carreiras"},"content":{"rendered":"<div data-vc-full-width=\"true\" data-vc-full-width-init=\"false\" data-vc-parallax=\"2\" data-vc-parallax-image=\"https:\/\/animaking.com.br\/wp-content\/uploads\/2023\/02\/01.jpg\" class=\"vc_row wpb_row vc_row-fluid titlebarHead wpb_animate_when_almost_visible wpb_fadeIn fadeIn vc_general vc_parallax vc_parallax-content-moving wpex-vc_row-has-fill wpex-vc-row-stretched\"><div class=\"wpb_column vc_column_container vc_col-sm-12\"><div class=\"vc_column-inner\"><div class=\"wpb_wrapper\"><div class=\"vcex-heading vcex-module wpex-text-2xl wpex-font-normal wpex-m-auto wpex-max-w-100 vcex-heading-plain wpex-block wpex-text-center  wpb_animate_when_almost_visible wpb_fadeIn fadeIn sectitle\" style=\"color:#5e5e5e;font-size:var(--wpex-text-7xl);font-weight:700;text-transform:uppercase;animation-delay:1s;\"><span class=\"vcex-heading-inner wpex-inline-block wpex-clr\">Carreiras<\/span><\/div><\/div><\/div><\/div><\/div><div class=\"vc_row-full-width vc_clearfix\"><\/div><div class=\"vc_row wpb_row vc_row-fluid wpb_animate_when_almost_visible wpb_fadeInRight fadeInRight vc_custom_1677761261514 wpex-vc_row-has-fill wpex-vc-reset-negative-margin\"><div class=\"wpb_column spaceCol vc_column_container vc_col-sm-8\"><div class=\"vc_column-inner\"><div class=\"wpb_wrapper\"><div class=\"vcex-spacing wpex-w-100 wpex-clear\" style=\"height:62px;\"><\/div>\n\t<div class=\"wpb_text_column wpb_content_element\" >\n\t\t<div class=\"wpb_wrapper\">\n\t\t\t<p>\u00c9 meio louco e gosta de desafios? Ent\u00e3o voc\u00ea pode ser a pessoa certa para integrar nossa equipe. Sempre buscamos profissionais que tenham a ess\u00eancia que procuramos. Assim, podemos alcan\u00e7ar juntos resultados incr\u00edveis!<\/p>\n\n\t\t<\/div>\n\t<\/div>\n\n\t<div class=\"wpb_text_column wpb_content_element\" >\n\t\t<div class=\"wpb_wrapper\">\n\t\t\t<p>Aqui todos s\u00e3o multitask, apaixonados por anima\u00e7\u00e3o e se dedicam para a empresa, se voc\u00ea possui esse perfil e gostaria de trabalhar conosco entre em contato e envie seu curr\u00edculo. N\u00e3o importa de qual \u00e1rea ou qual experi\u00eancia voc\u00ea tenha, o importante \u00e9 a vontade de crescer junto conosco. Estamos esperando voc\u00ea!<\/p>\n\n\t\t<\/div>\n\t<\/div>\n<div class=\"vcex-spacing wpex-w-100 wpex-clear\" style=\"height:62px;\"><\/div><h3 class=\"vcex-heading vcex-module wpex-text-2xl wpex-font-normal wpex-m-auto wpex-max-w-100 vcex-heading-plain wpex-block\" style=\"color:#169dd3;font-size:1.1em;letter-spacing:1px;\"><span class=\"vcex-heading-inner wpex-inline-block wpex-clr\">Gostaria de trabalhar conosco?<\/span><\/h3><h2 class=\"vcex-heading vcex-module wpex-text-2xl wpex-font-normal wpex-m-auto wpex-max-w-100 vcex-heading-plain wpex-block vc_custom_1685048877791\" style=\"color:#222222;font-size:35px;font-weight:700;\"><span class=\"vcex-heading-inner wpex-inline-block wpex-clr\">Vagas dispon\u00edveis:<\/span><\/h2><\/div><\/div><\/div><div class=\"wpb_column vc_column_container vc_col-sm-4\"><div class=\"vc_column-inner\"><div class=\"wpb_wrapper\"><div class=\"vcex-spacing wpex-w-100 wpex-clear\" style=\"height:62px;\"><\/div><h3 class=\"vcex-heading vcex-module wpex-text-2xl wpex-font-normal wpex-m-auto wpex-max-w-100 vcex-heading-plain wpex-block\" style=\"color:#169dd3;font-size:1.1em;letter-spacing:1px;\"><span class=\"vcex-heading-inner wpex-inline-block wpex-clr\">Podemos Ajudar?<\/span><\/h3><h2 class=\"vcex-heading vcex-module wpex-text-2xl wpex-font-normal wpex-m-auto wpex-max-w-100 vcex-heading-plain wpex-block\" style=\"color:#222222;font-size:35px;font-weight:700;\"><span class=\"vcex-heading-inner wpex-inline-block wpex-clr\">Fale Conosco!<\/span><\/h2>\n<div class=\"wpcf7 no-js\" id=\"wpcf7-f1283-o1\" lang=\"pt-BR\" dir=\"ltr\" data-wpcf7-id=\"1283\">\n<div class=\"screen-reader-response\"><p role=\"status\" aria-live=\"polite\" aria-atomic=\"true\"><\/p> <ul><\/ul><\/div>\n<form action=\"\/wp-json\/wp\/v2\/pages\/197\" method=\"post\" class=\"wpcf7-form init\" aria-label=\"Formul\u00e1rios de contato\" novalidate=\"novalidate\" data-status=\"init\" data-trp-original-action=\"\/en\/wp-json\/wp\/v2\/pages\/197#wpcf7-f1283-o1\">\n<div style=\"display: none;\">\n<input type=\"hidden\" name=\"_wpcf7\" value=\"1283\" \/>\n<input type=\"hidden\" name=\"_wpcf7_version\" value=\"6.0\" \/>\n<input type=\"hidden\" name=\"_wpcf7_locale\" value=\"pt_BR\" \/>\n<input type=\"hidden\" name=\"_wpcf7_unit_tag\" value=\"wpcf7-f1283-o1\" \/>\n<input type=\"hidden\" name=\"_wpcf7_container_post\" value=\"0\" \/>\n<input type=\"hidden\" name=\"_wpcf7_posted_data_hash\" value=\"\" \/>\n<\/div>\n<p><span class=\"wpcf7-form-control-wrap\" data-name=\"your-name\"><input size=\"40\" maxlength=\"400\" class=\"wpcf7-form-control wpcf7-text wpcf7-validates-as-required\" autocomplete=\"name\" aria-required=\"true\" aria-invalid=\"false\" placeholder=\"name\" value=\"\" type=\"text\" name=\"your-name\" \/><\/span><br \/>\n<span class=\"wpcf7-form-control-wrap\" data-name=\"your-email\"><input size=\"40\" maxlength=\"400\" class=\"wpcf7-form-control wpcf7-email wpcf7-validates-as-required wpcf7-text wpcf7-validates-as-email\" autocomplete=\"email\" aria-required=\"true\" aria-invalid=\"false\" placeholder=\"e-mail\" value=\"\" type=\"email\" name=\"your-email\" \/><\/span><br \/>\n<span class=\"wpcf7-form-control-wrap\" data-name=\"your-subject\"><input size=\"40\" maxlength=\"400\" class=\"wpcf7-form-control wpcf7-text wpcf7-validates-as-required\" aria-required=\"true\" aria-invalid=\"false\" placeholder=\"Digite o Assunto\" value=\"\" type=\"text\" name=\"your-subject\" \/><\/span><br \/>\n<span class=\"wpcf7-form-control-wrap\" data-name=\"your-message\"><textarea cols=\"40\" rows=\"10\" maxlength=\"2000\" class=\"wpcf7-form-control wpcf7-textarea wpcf7-validates-as-required\" aria-required=\"true\" aria-invalid=\"false\" placeholder=\"message\" name=\"your-message\"><\/textarea><\/span>\n<\/p>\n<p><span class=\"wpcf7-form-control-wrap\" data-name=\"quiz-843\"><label><span class=\"wpcf7-quiz-label\">5 - 3 = ?<\/span> <input size=\"40\" class=\"wpcf7-form-control wpcf7-quiz quizb\" autocomplete=\"off\" aria-required=\"true\" aria-invalid=\"false\" type=\"text\" name=\"quiz-843\" \/><\/label><input type=\"hidden\" name=\"_wpcf7_quiz_answer_quiz-843\" value=\"b5b8b64aa08231d1f5333c2a8af2e858\" \/><\/span>\n<\/p>\n<p><input class=\"wpcf7-form-control wpcf7-submit has-spinner sendBut\" type=\"submit\" value=\"Send\" \/>\n<\/p><div class=\"wpcf7-response-output\" aria-hidden=\"true\"><\/div>\n<input type=\"hidden\" name=\"trp-form-language\" value=\"en\"\/><\/form>\n<\/div>\n<\/div><\/div><\/div><\/div>","protected":false},"excerpt":{"rendered":"Carreiras \u00c9 meio louco e gosta de desafios? Ent\u00e3o voc\u00ea pode ser a pessoa certa para integrar nossa equipe. Sempre buscamos profissionais que tenham a ess\u00eancia que procuramos. Assim, podemos alcan\u00e7ar juntos resultados incr\u00edveis! Aqui todos s\u00e3o multitask, apaixonados por anima\u00e7\u00e3o e se dedicam para a empresa, se voc\u00ea possui esse perfil e gostaria de&hellip;","protected":false},"author":1,"featured_media":0,"parent":0,"menu_order":0,"comment_status":"closed","ping_status":"closed","template":"","meta":{"footnotes":""},"class_list":["post-197","page","type-page","status-publish","hentry","entry","no-media"],"_links":{"self":[{"href":"https:\/\/animaking.com.br\/en\/wp-json\/wp\/v2\/pages\/197","targetHints":{"allow":["GET"]}}],"collection":[{"href":"https:\/\/animaking.com.br\/en\/wp-json\/wp\/v2\/pages"}],"about":[{"href":"https:\/\/animaking.com.br\/en\/wp-json\/wp\/v2\/types\/page"}],"author":[{"embeddable":true,"href":"https:\/\/animaking.com.br\/en\/wp-json\/wp\/v2\/users\/1"}],"replies":[{"embeddable":true,"href":"https:\/\/animaking.com.br\/en\/wp-json\/wp\/v2\/comments?post=197"}],"version-history":[{"count":46,"href":"https:\/\/animaking.com.br\/en\/wp-json\/wp\/v2\/pages\/197\/revisions"}],"predecessor-version":[{"id":1771,"href":"https:\/\/animaking.com.br\/en\/wp-json\/wp\/v2\/pages\/197\/revisions\/1771"}],"wp:attachment":[{"href":"https:\/\/animaking.com.br\/en\/wp-json\/wp\/v2\/media?parent=197"}],"curies":[{"name":"wp","href":"https:\/\/api.w.org\/{rel}","templated":true}]}}