{"id":122,"date":"2017-08-23T21:28:51","date_gmt":"2017-08-24T00:28:51","guid":{"rendered":"http:\/\/totaltheme.wpengine.com\/vanilla\/?page_id=122"},"modified":"2025-12-16T09:15:07","modified_gmt":"2025-12-16T12:15:07","slug":"sobre","status":"publish","type":"page","link":"https:\/\/animaking.com.br\/en\/sobre\/","title":{"rendered":"About"},"content":{"rendered":"<div data-vc-full-width=\"true\" data-vc-full-width-init=\"false\" data-vc-parallax=\"2\" data-vc-parallax-image=\"https:\/\/animaking.com.br\/wp-content\/uploads\/2023\/03\/sobre-10.jpg\" class=\"vc_row wpb_row vc_row-fluid titlebarHead wpb_animate_when_almost_visible wpb_fadeIn fadeIn vc_general vc_parallax vc_parallax-content-moving wpex-vc_row-has-fill wpex-vc-row-stretched\"><div class=\"wpb_column vc_column_container vc_col-sm-12\"><div class=\"vc_column-inner\"><div class=\"wpb_wrapper\"><div class=\"vcex-heading vcex-module wpex-text-2xl wpex-font-normal wpex-m-auto wpex-max-w-100 vcex-heading-plain wpex-block wpex-text-center  wpb_animate_when_almost_visible wpb_fadeIn fadeIn sectitle\" style=\"color:#ffffff;font-size:var(--wpex-text-7xl);font-weight:700;text-transform:uppercase;animation-delay:1s;\"><span class=\"vcex-heading-inner wpex-inline-block wpex-clr\">About<\/span><\/div><\/div><\/div><\/div><\/div><div class=\"vc_row-full-width vc_clearfix\"><\/div><div class=\"vc_row wpb_row vc_row-fluid wpb_animate_when_almost_visible wpb_fadeInRight fadeInRight vc_custom_1682509972861 vc_row-o-full-height vc_row-o-columns-middle vc_row-o-content-middle vc_row-flex\"><div class=\"wpb_column vc_column_container vc_col-sm-6 wpex-vc_col-has-fill\"><div class=\"vc_column-inner vc_custom_1720099723858\"><div class=\"wpb_wrapper\"><div class=\"vcex-heading vcex-module wpex-text-2xl wpex-font-normal wpex-m-auto wpex-max-w-100 vcex-heading-plain wpex-block blocoTextHead\" style=\"font-size:36px;font-weight:900;text-transform:capitalize;\"><span class=\"vcex-heading-inner wpex-inline-block wpex-clr\">Our Studio<\/span><\/div><div class=\"vcex-spacing wpex-w-100 wpex-clear\" style=\"height:20px;\"><\/div>\n\t<div style=\"color:#222222;font-size:14px;\" class=\"wpb_text_column has-custom-color wpex-child-inherit-color wpb_content_element  blocoText\" >\n\t\t<div class=\"wpb_wrapper\">\n\t\t\t<p style=\"text-align: justify;\">Animaking is an animation studio with a history that began in 2001. During its early years, the studio grew through advertising, creating opportunities to develop animation across a variety of styles. Over time, the studio specialized in techniques such as stop-motion animation. This specialization allowed Animaking to elevate its production quality to an internationally competitive level. During this period, the short film \"Minhocas \u2013 A Lenda\" was produced, winning over 10 awards worldwide.<\/p>\n<p style=\"text-align: justify;\">As the studio naturally evolved in its project development, it reached a level of growth and capacity where producing a feature film became the next logical step. This led to the production of the movie \"Minhocas\", released in 2013 in Brazil and later in 2015 across Europe, Asia, and the United States. The film was a co-production between Animaking, Glaz Entertainment, Globo Filmes, and 20th Century Fox.<\/p>\n<p style=\"text-align: justify;\">Since then, Animaking has continued to expand its horizons, exploring new techniques and storytelling approaches while maintaining a steadfast commitment to excellence and innovation. With a solid foundation built over the years, the studio stands out in the animation industry, ready to take on new challenges and achieve even greater recognition.<\/p>\n\n\t\t<\/div>\n\t<\/div>\n<\/div><\/div><\/div><div class=\"wpb_column vc_column_container vc_col-sm-6 wpex-vc_col-has-fill\"><div class=\"vc_column-inner vc_custom_1682510280421\"><div class=\"wpb_wrapper\"><div class=\"vcex-image-slider-css-wrap vc_custom_1720099517926\"><div class=\"wpex-slider-preloaderimg wpex-relative\"><img loading=\"lazy\" decoding=\"async\" width=\"2078\" height=\"1170\" src=\"https:\/\/animaking.com.br\/wp-content\/uploads\/2024\/05\/Screen-Shot-2015-09-20-at-4.56.52-PM-e1720098149364.png\" class=\"skip-lazy\" alt=\"\" data-no-lazy=\"1\" srcset=\"https:\/\/animaking.com.br\/wp-content\/uploads\/2024\/05\/Screen-Shot-2015-09-20-at-4.56.52-PM-e1720098149364.png 2078w, https:\/\/animaking.com.br\/wp-content\/uploads\/2024\/05\/Screen-Shot-2015-09-20-at-4.56.52-PM-e1720098149364-300x169.png 300w, https:\/\/animaking.com.br\/wp-content\/uploads\/2024\/05\/Screen-Shot-2015-09-20-at-4.56.52-PM-e1720098149364-1024x577.png 1024w, https:\/\/animaking.com.br\/wp-content\/uploads\/2024\/05\/Screen-Shot-2015-09-20-at-4.56.52-PM-e1720098149364-768x432.png 768w, https:\/\/animaking.com.br\/wp-content\/uploads\/2024\/05\/Screen-Shot-2015-09-20-at-4.56.52-PM-e1720098149364-1536x865.png 1536w, https:\/\/animaking.com.br\/wp-content\/uploads\/2024\/05\/Screen-Shot-2015-09-20-at-4.56.52-PM-e1720098149364-2048x1153.png 2048w, https:\/\/animaking.com.br\/wp-content\/uploads\/2024\/05\/Screen-Shot-2015-09-20-at-4.56.52-PM-e1720098149364-1200x676.png 1200w\" sizes=\"auto, (max-width: 2078px) 100vw, 2078px\" \/><\/div><div class=\"vcex-module wpex-slider slider-pro vcex-image-slider wpex-clr\" data-loop=\"true\" data-autoplay-on-hover=\"none\" data-auto-play-delay=\"5000\" data-buttons=\"false\" data-fade-arrows=\"false\" data-animation-speed=\"600\" data-height-animation-duration=\"500\" data-thumbnail-height=\"70\" data-thumbnail-width=\"70\"><div class=\"wpex-slider-slides sp-slides\"><div class=\"wpex-slider-slide sp-slide\"><div class=\"wpex-slider-media\"><img loading=\"lazy\" decoding=\"async\" width=\"2078\" height=\"1170\" src=\"https:\/\/animaking.com.br\/wp-content\/uploads\/2024\/05\/Screen-Shot-2015-09-20-at-4.56.52-PM-e1720098149364.png\" class=\"skip-lazy\" alt=\"\" data-no-lazy=\"1\" srcset=\"https:\/\/animaking.com.br\/wp-content\/uploads\/2024\/05\/Screen-Shot-2015-09-20-at-4.56.52-PM-e1720098149364.png 2078w, https:\/\/animaking.com.br\/wp-content\/uploads\/2024\/05\/Screen-Shot-2015-09-20-at-4.56.52-PM-e1720098149364-300x169.png 300w, https:\/\/animaking.com.br\/wp-content\/uploads\/2024\/05\/Screen-Shot-2015-09-20-at-4.56.52-PM-e1720098149364-1024x577.png 1024w, https:\/\/animaking.com.br\/wp-content\/uploads\/2024\/05\/Screen-Shot-2015-09-20-at-4.56.52-PM-e1720098149364-768x432.png 768w, https:\/\/animaking.com.br\/wp-content\/uploads\/2024\/05\/Screen-Shot-2015-09-20-at-4.56.52-PM-e1720098149364-1536x865.png 1536w, https:\/\/animaking.com.br\/wp-content\/uploads\/2024\/05\/Screen-Shot-2015-09-20-at-4.56.52-PM-e1720098149364-2048x1153.png 2048w, https:\/\/animaking.com.br\/wp-content\/uploads\/2024\/05\/Screen-Shot-2015-09-20-at-4.56.52-PM-e1720098149364-1200x676.png 1200w\" sizes=\"auto, (max-width: 2078px) 100vw, 2078px\" \/><\/div><\/div><div class=\"wpex-slider-slide sp-slide\"><div class=\"wpex-slider-media\"><img loading=\"lazy\" decoding=\"async\" width=\"1200\" height=\"675\" src=\"https:\/\/animaking.com.br\/wp-content\/uploads\/2023\/03\/sobre-0b1.jpg\" class=\"skip-lazy\" alt=\"\" data-no-lazy=\"1\" srcset=\"https:\/\/animaking.com.br\/wp-content\/uploads\/2023\/03\/sobre-0b1.jpg 1200w, https:\/\/animaking.com.br\/wp-content\/uploads\/2023\/03\/sobre-0b1-300x169.jpg 300w, https:\/\/animaking.com.br\/wp-content\/uploads\/2023\/03\/sobre-0b1-1024x576.jpg 1024w, https:\/\/animaking.com.br\/wp-content\/uploads\/2023\/03\/sobre-0b1-768x432.jpg 768w\" sizes=\"auto, (max-width: 1200px) 100vw, 1200px\" \/><\/div><\/div><div class=\"wpex-slider-slide sp-slide\"><div class=\"wpex-slider-media\"><img loading=\"lazy\" decoding=\"async\" width=\"1200\" height=\"675\" src=\"https:\/\/animaking.com.br\/wp-content\/uploads\/2023\/03\/sobre-02.jpg\" class=\"skip-lazy\" alt=\"\" data-no-lazy=\"1\" srcset=\"https:\/\/animaking.com.br\/wp-content\/uploads\/2023\/03\/sobre-02.jpg 1200w, https:\/\/animaking.com.br\/wp-content\/uploads\/2023\/03\/sobre-02-300x169.jpg 300w, https:\/\/animaking.com.br\/wp-content\/uploads\/2023\/03\/sobre-02-1024x576.jpg 1024w, https:\/\/animaking.com.br\/wp-content\/uploads\/2023\/03\/sobre-02-768x432.jpg 768w\" sizes=\"auto, (max-width: 1200px) 100vw, 1200px\" \/><\/div><\/div><div class=\"wpex-slider-slide sp-slide\"><div class=\"wpex-slider-media\"><img loading=\"lazy\" decoding=\"async\" width=\"2560\" height=\"1442\" src=\"https:\/\/animaking.com.br\/wp-content\/uploads\/2024\/07\/menino-e-o-mundo6-scaled-e1720099497682.jpg\" class=\"skip-lazy\" alt=\"\" data-no-lazy=\"1\" srcset=\"https:\/\/animaking.com.br\/wp-content\/uploads\/2024\/07\/menino-e-o-mundo6-scaled-e1720099497682.jpg 2560w, https:\/\/animaking.com.br\/wp-content\/uploads\/2024\/07\/menino-e-o-mundo6-scaled-e1720099497682-300x169.jpg 300w, https:\/\/animaking.com.br\/wp-content\/uploads\/2024\/07\/menino-e-o-mundo6-scaled-e1720099497682-1024x577.jpg 1024w, https:\/\/animaking.com.br\/wp-content\/uploads\/2024\/07\/menino-e-o-mundo6-scaled-e1720099497682-768x433.jpg 768w, https:\/\/animaking.com.br\/wp-content\/uploads\/2024\/07\/menino-e-o-mundo6-scaled-e1720099497682-1536x865.jpg 1536w, https:\/\/animaking.com.br\/wp-content\/uploads\/2024\/07\/menino-e-o-mundo6-scaled-e1720099497682-2048x1154.jpg 2048w, https:\/\/animaking.com.br\/wp-content\/uploads\/2024\/07\/menino-e-o-mundo6-scaled-e1720099497682-1200x676.jpg 1200w\" sizes=\"auto, (max-width: 2560px) 100vw, 2560px\" \/><\/div><\/div><div class=\"wpex-slider-slide sp-slide\"><div class=\"wpex-slider-media\"><img loading=\"lazy\" decoding=\"async\" width=\"2560\" height=\"1442\" src=\"https:\/\/animaking.com.br\/wp-content\/uploads\/2024\/07\/DSC1133-scaled-e1720099452126.jpg\" class=\"skip-lazy\" alt=\"\" data-no-lazy=\"1\" srcset=\"https:\/\/animaking.com.br\/wp-content\/uploads\/2024\/07\/DSC1133-scaled-e1720099452126.jpg 2560w, https:\/\/animaking.com.br\/wp-content\/uploads\/2024\/07\/DSC1133-scaled-e1720099452126-300x169.jpg 300w, https:\/\/animaking.com.br\/wp-content\/uploads\/2024\/07\/DSC1133-scaled-e1720099452126-1024x577.jpg 1024w, https:\/\/animaking.com.br\/wp-content\/uploads\/2024\/07\/DSC1133-scaled-e1720099452126-768x433.jpg 768w, https:\/\/animaking.com.br\/wp-content\/uploads\/2024\/07\/DSC1133-scaled-e1720099452126-1536x865.jpg 1536w, https:\/\/animaking.com.br\/wp-content\/uploads\/2024\/07\/DSC1133-scaled-e1720099452126-2048x1154.jpg 2048w, https:\/\/animaking.com.br\/wp-content\/uploads\/2024\/07\/DSC1133-scaled-e1720099452126-1200x676.jpg 1200w\" sizes=\"auto, (max-width: 2560px) 100vw, 2560px\" \/><\/div><\/div><\/div><\/div><\/div><\/div><\/div><\/div><\/div><div data-vc-full-width=\"true\" data-vc-full-width-init=\"false\" class=\"vc_row wpb_row vc_row-fluid wpb_animate_when_almost_visible wpb_fadeIn fadeIn vc_custom_1720100545270 vc_row-o-content-middle vc_row-flex wpex-vc_row-has-fill wpex-vc-row-stretched\"><div class=\"wpb_column vc_column_container vc_col-sm-6 wpex-vc_col-has-fill\"><div class=\"vc_column-inner vc_custom_1682510183324\"><div class=\"wpb_wrapper\"><div class=\"vcex-image-slider-css-wrap vc_custom_1720107992324\"><div class=\"wpex-slider-preloaderimg wpex-relative\"><img loading=\"lazy\" decoding=\"async\" width=\"2560\" height=\"1707\" src=\"https:\/\/animaking.com.br\/wp-content\/uploads\/2024\/07\/IMG_2037-scaled.jpg\" class=\"skip-lazy\" alt=\"\" data-no-lazy=\"1\" srcset=\"https:\/\/animaking.com.br\/wp-content\/uploads\/2024\/07\/IMG_2037-scaled.jpg 2560w, https:\/\/animaking.com.br\/wp-content\/uploads\/2024\/07\/IMG_2037-300x200.jpg 300w, https:\/\/animaking.com.br\/wp-content\/uploads\/2024\/07\/IMG_2037-1024x683.jpg 1024w, https:\/\/animaking.com.br\/wp-content\/uploads\/2024\/07\/IMG_2037-768x512.jpg 768w, https:\/\/animaking.com.br\/wp-content\/uploads\/2024\/07\/IMG_2037-1536x1024.jpg 1536w, https:\/\/animaking.com.br\/wp-content\/uploads\/2024\/07\/IMG_2037-2048x1365.jpg 2048w, https:\/\/animaking.com.br\/wp-content\/uploads\/2024\/07\/IMG_2037-scaled-1200x800.jpg 1200w\" sizes=\"auto, (max-width: 2560px) 100vw, 2560px\" \/><\/div><div class=\"vcex-module wpex-slider slider-pro vcex-image-slider wpex-clr\" data-loop=\"true\" data-auto-play-delay=\"5000\" data-buttons=\"false\" data-animation-speed=\"600\" data-height-animation-duration=\"500\" data-thumbnail-height=\"70\" data-thumbnail-width=\"70\"><div class=\"wpex-slider-slides sp-slides\"><div class=\"wpex-slider-slide sp-slide\"><div class=\"wpex-slider-media\"><img loading=\"lazy\" decoding=\"async\" width=\"2560\" height=\"1707\" src=\"https:\/\/animaking.com.br\/wp-content\/uploads\/2024\/07\/IMG_2037-scaled.jpg\" class=\"skip-lazy\" alt=\"\" data-no-lazy=\"1\" srcset=\"https:\/\/animaking.com.br\/wp-content\/uploads\/2024\/07\/IMG_2037-scaled.jpg 2560w, https:\/\/animaking.com.br\/wp-content\/uploads\/2024\/07\/IMG_2037-300x200.jpg 300w, https:\/\/animaking.com.br\/wp-content\/uploads\/2024\/07\/IMG_2037-1024x683.jpg 1024w, https:\/\/animaking.com.br\/wp-content\/uploads\/2024\/07\/IMG_2037-768x512.jpg 768w, https:\/\/animaking.com.br\/wp-content\/uploads\/2024\/07\/IMG_2037-1536x1024.jpg 1536w, https:\/\/animaking.com.br\/wp-content\/uploads\/2024\/07\/IMG_2037-2048x1365.jpg 2048w, https:\/\/animaking.com.br\/wp-content\/uploads\/2024\/07\/IMG_2037-scaled-1200x800.jpg 1200w\" sizes=\"auto, (max-width: 2560px) 100vw, 2560px\" \/><\/div><\/div><div class=\"wpex-slider-slide sp-slide\"><div class=\"wpex-slider-media\"><img loading=\"lazy\" decoding=\"async\" width=\"2560\" height=\"1707\" src=\"https:\/\/animaking.com.br\/wp-content\/uploads\/2024\/07\/IMG_2041-scaled.jpg\" class=\"skip-lazy\" alt=\"\" data-no-lazy=\"1\" srcset=\"https:\/\/animaking.com.br\/wp-content\/uploads\/2024\/07\/IMG_2041-scaled.jpg 2560w, https:\/\/animaking.com.br\/wp-content\/uploads\/2024\/07\/IMG_2041-300x200.jpg 300w, https:\/\/animaking.com.br\/wp-content\/uploads\/2024\/07\/IMG_2041-1024x683.jpg 1024w, https:\/\/animaking.com.br\/wp-content\/uploads\/2024\/07\/IMG_2041-768x512.jpg 768w, https:\/\/animaking.com.br\/wp-content\/uploads\/2024\/07\/IMG_2041-1536x1024.jpg 1536w, https:\/\/animaking.com.br\/wp-content\/uploads\/2024\/07\/IMG_2041-2048x1365.jpg 2048w, https:\/\/animaking.com.br\/wp-content\/uploads\/2024\/07\/IMG_2041-scaled-1200x800.jpg 1200w\" sizes=\"auto, (max-width: 2560px) 100vw, 2560px\" \/><\/div><\/div><div class=\"wpex-slider-slide sp-slide\"><div class=\"wpex-slider-media\"><img loading=\"lazy\" decoding=\"async\" width=\"2560\" height=\"1710\" src=\"https:\/\/animaking.com.br\/wp-content\/uploads\/2024\/07\/IMG_20230628_154222_634-scaled-e1720107925374.jpg\" class=\"skip-lazy\" alt=\"\" data-no-lazy=\"1\" srcset=\"https:\/\/animaking.com.br\/wp-content\/uploads\/2024\/07\/IMG_20230628_154222_634-scaled-e1720107925374.jpg 2560w, https:\/\/animaking.com.br\/wp-content\/uploads\/2024\/07\/IMG_20230628_154222_634-scaled-e1720107925374-300x200.jpg 300w, https:\/\/animaking.com.br\/wp-content\/uploads\/2024\/07\/IMG_20230628_154222_634-scaled-e1720107925374-1024x684.jpg 1024w, https:\/\/animaking.com.br\/wp-content\/uploads\/2024\/07\/IMG_20230628_154222_634-scaled-e1720107925374-768x513.jpg 768w, https:\/\/animaking.com.br\/wp-content\/uploads\/2024\/07\/IMG_20230628_154222_634-scaled-e1720107925374-1536x1026.jpg 1536w, https:\/\/animaking.com.br\/wp-content\/uploads\/2024\/07\/IMG_20230628_154222_634-scaled-e1720107925374-2048x1368.jpg 2048w, https:\/\/animaking.com.br\/wp-content\/uploads\/2024\/07\/IMG_20230628_154222_634-scaled-e1720107925374-1200x802.jpg 1200w, https:\/\/animaking.com.br\/wp-content\/uploads\/2024\/07\/IMG_20230628_154222_634-scaled-e1720107925374-600x400.jpg 600w\" sizes=\"auto, (max-width: 2560px) 100vw, 2560px\" \/><\/div><\/div><div class=\"wpex-slider-slide sp-slide\"><div class=\"wpex-slider-media\"><img loading=\"lazy\" decoding=\"async\" width=\"2560\" height=\"1704\" src=\"https:\/\/animaking.com.br\/wp-content\/uploads\/2024\/05\/IMG_0332-scaled.jpg\" class=\"skip-lazy\" alt=\"\" data-no-lazy=\"1\" srcset=\"https:\/\/animaking.com.br\/wp-content\/uploads\/2024\/05\/IMG_0332-scaled.jpg 2560w, https:\/\/animaking.com.br\/wp-content\/uploads\/2024\/05\/IMG_0332-300x200.jpg 300w, https:\/\/animaking.com.br\/wp-content\/uploads\/2024\/05\/IMG_0332-1024x682.jpg 1024w, https:\/\/animaking.com.br\/wp-content\/uploads\/2024\/05\/IMG_0332-768x511.jpg 768w, https:\/\/animaking.com.br\/wp-content\/uploads\/2024\/05\/IMG_0332-1536x1023.jpg 1536w, https:\/\/animaking.com.br\/wp-content\/uploads\/2024\/05\/IMG_0332-2048x1364.jpg 2048w, https:\/\/animaking.com.br\/wp-content\/uploads\/2024\/05\/IMG_0332-scaled-1200x799.jpg 1200w\" sizes=\"auto, (max-width: 2560px) 100vw, 2560px\" \/><\/div><\/div><div class=\"wpex-slider-slide sp-slide\"><div class=\"wpex-slider-media\"><img loading=\"lazy\" decoding=\"async\" width=\"2560\" height=\"1706\" src=\"https:\/\/animaking.com.br\/wp-content\/uploads\/2024\/05\/pintura2-scaled-e1720107896771.jpg\" class=\"skip-lazy\" alt=\"\" data-no-lazy=\"1\" srcset=\"https:\/\/animaking.com.br\/wp-content\/uploads\/2024\/05\/pintura2-scaled-e1720107896771.jpg 2560w, https:\/\/animaking.com.br\/wp-content\/uploads\/2024\/05\/pintura2-scaled-e1720107896771-300x200.jpg 300w, https:\/\/animaking.com.br\/wp-content\/uploads\/2024\/05\/pintura2-scaled-e1720107896771-1024x682.jpg 1024w, https:\/\/animaking.com.br\/wp-content\/uploads\/2024\/05\/pintura2-scaled-e1720107896771-768x512.jpg 768w, https:\/\/animaking.com.br\/wp-content\/uploads\/2024\/05\/pintura2-scaled-e1720107896771-1536x1024.jpg 1536w, https:\/\/animaking.com.br\/wp-content\/uploads\/2024\/05\/pintura2-scaled-e1720107896771-2048x1365.jpg 2048w, https:\/\/animaking.com.br\/wp-content\/uploads\/2024\/05\/pintura2-scaled-e1720107896771-1200x800.jpg 1200w, https:\/\/animaking.com.br\/wp-content\/uploads\/2024\/05\/pintura2-scaled-e1720107896771-600x400.jpg 600w\" sizes=\"auto, (max-width: 2560px) 100vw, 2560px\" \/><\/div><\/div><div class=\"wpex-slider-slide sp-slide\"><div class=\"wpex-slider-media\"><img loading=\"lazy\" decoding=\"async\" width=\"2560\" height=\"1707\" src=\"https:\/\/animaking.com.br\/wp-content\/uploads\/2023\/03\/IMG_3043-scaled.jpg\" class=\"skip-lazy\" alt=\"\" data-no-lazy=\"1\" srcset=\"https:\/\/animaking.com.br\/wp-content\/uploads\/2023\/03\/IMG_3043-scaled.jpg 2560w, https:\/\/animaking.com.br\/wp-content\/uploads\/2023\/03\/IMG_3043-300x200.jpg 300w, https:\/\/animaking.com.br\/wp-content\/uploads\/2023\/03\/IMG_3043-1024x683.jpg 1024w, https:\/\/animaking.com.br\/wp-content\/uploads\/2023\/03\/IMG_3043-768x512.jpg 768w, https:\/\/animaking.com.br\/wp-content\/uploads\/2023\/03\/IMG_3043-1536x1024.jpg 1536w, https:\/\/animaking.com.br\/wp-content\/uploads\/2023\/03\/IMG_3043-2048x1365.jpg 2048w, https:\/\/animaking.com.br\/wp-content\/uploads\/2023\/03\/IMG_3043-scaled-1200x800.jpg 1200w\" sizes=\"auto, (max-width: 2560px) 100vw, 2560px\" \/><\/div><\/div><\/div><\/div><\/div><\/div><\/div><\/div><div class=\"wpb_column vc_column_container vc_col-sm-6 wpex-vc_col-has-fill\"><div class=\"vc_column-inner vc_custom_1720100558161\"><div class=\"wpb_wrapper\">\n\t<div style=\"color:#ffffff;font-size:14px;\" class=\"wpb_text_column has-custom-color wpex-child-inherit-color wpb_content_element  blocoText\" >\n\t\t<div class=\"wpb_wrapper\">\n\t\t\t<p style=\"text-align: justify;\"><span style=\"font-size: 14px;\">With a complete team of professionals from various fields of animation, Animaking represents a distinct Brazilian approach to filmmaking. Our headquarters are located in Sapiens Parque, a technology park in Florian\u00f3polis (SC) dedicated to fostering the development of economic sectors linked to technology, science, and innovation in Santa Catarina. Over the years, the need to develop technology for animation has become a critical requirement. To undertake large-scale projects in Brazil, the studio has made the continuous creation and assimilation of animation technologies its guiding principle.<\/span><\/p>\n<p style=\"text-align: justify;\"><span style=\"font-size: 14px;\">We employ various advanced technologies in our productions. Among them is motion control, which allows the composition of real images with multiple overlapping generations and precise camera movements, achieving a high level of realism in scenes. Additionally, the studio extensively uses prototyping technologies, enabling artists and producers to develop everything from virtual modeling to the creation of physical objects, streamlining the creative and production processes.<\/span><\/p>\n<p style=\"text-align: justify;\"><span style=\"font-size: 14px;\">A key component of Animaking's technological infrastructure is its proprietary animation software, \u201cAnimaction\u201d. This internally developed software optimizes the production of animations quickly and cost-effectively, particularly for the growing demand from online platforms. With \u201cAnimaction,\u201d the studio efficiently produces a wide range of content, including short and feature-length films, series, and advertising projects, all while maintaining a high standard of quality and creativity.<\/span><\/p>\n\n\t\t<\/div>\n\t<\/div>\n<\/div><\/div><\/div><\/div><div class=\"vc_row-full-width vc_clearfix\"><\/div><div data-vc-full-width=\"true\" data-vc-full-width-init=\"false\" data-vc-parallax=\"2\" class=\"vc_row wpb_row vc_row-fluid wpb_animate_when_almost_visible wpb_fadeIn fadeIn vc_custom_1678996523185 vc_general vc_parallax vc_parallax-content-moving wpex-vc_row-has-fill wpex-vc-row-stretched\"><div class=\"wpb_column vc_column_container vc_col-sm-12\"><div class=\"vc_column-inner\"><div class=\"wpb_wrapper\"><div class=\"vcex-spacing wpex-w-100 wpex-clear\" style=\"height:0px;\"><\/div><\/div><\/div><\/div><\/div><div class=\"vc_row-full-width vc_clearfix\"><\/div><div class=\"vc_row wpb_row vc_row-fluid\"><div class=\"wpb_column vc_column_container vc_col-sm-12\"><div class=\"vc_column-inner\"><div class=\"wpb_wrapper\">\n\t<div class=\"wpb_text_column wpb_content_element\" >\n\t\t<div class=\"wpb_wrapper\">\n\t\t\t<p style=\"text-align: justify;\"><span style=\"font-size: 14px;\"><strong>Compromisso com \u00c9tica, Integridade e Transpar\u00eancia<\/strong><\/span><br \/>\n<span style=\"font-size: 14px;\">A Animaking Studios Ltda. atua com base em princ\u00edpios \u00e9ticos, de integridade, respeito aos direitos humanos e conformidade legal. Repudiamos qualquer forma de corrup\u00e7\u00e3o, fraude, suborno, ass\u00e9dio, discrimina\u00e7\u00e3o, trabalho infantil ou trabalho em condi\u00e7\u00f5es an\u00e1logas \u00e0 escravid\u00e3o. Cumprimos integralmente a legisla\u00e7\u00e3o trabalhista, ambiental e anticorrup\u00e7\u00e3o, incluindo a Lei n\u00ba 12.846\/2013. Promovemos um ambiente de trabalho seguro, diverso e inclusivo, bem como rela\u00e7\u00f5es transparentes com colaboradores, fornecedores, parceiros e o poder p\u00fablico, especialmente em projetos financiados por recursos incentivados e editais p\u00fablicos. A Animaking mant\u00e9m canal de comunica\u00e7\u00e3o para registro de d\u00favidas ou den\u00fancias, assegurando confidencialidade e n\u00e3o retalia\u00e7\u00e3o. contato@animaking.com.br<\/span><\/p>\n\n\t\t<\/div>\n\t<\/div>\n<\/div><\/div><\/div><\/div>","protected":false},"excerpt":{"rendered":"SobreNosso Est\u00fadio A Animaking \u00e9 uma produtora de anima\u00e7\u00e3o com uma hist\u00f3ria que inicia em 2001. Ao longo dos seus primeiros anos, o est\u00fadio cresceu atrav\u00e9s da publicidade, criando a oportunidade de desenvolver anima\u00e7\u00e3o num espectro de diversas linguagens. Com o passar do tempo, o est\u00fadio se especializou em modalidades tais como a anima\u00e7\u00e3o em&hellip;","protected":false},"author":1,"featured_media":0,"parent":0,"menu_order":0,"comment_status":"closed","ping_status":"closed","template":"","meta":{"footnotes":""},"class_list":["post-122","page","type-page","status-publish","hentry","entry","no-media"],"_links":{"self":[{"href":"https:\/\/animaking.com.br\/en\/wp-json\/wp\/v2\/pages\/122","targetHints":{"allow":["GET"]}}],"collection":[{"href":"https:\/\/animaking.com.br\/en\/wp-json\/wp\/v2\/pages"}],"about":[{"href":"https:\/\/animaking.com.br\/en\/wp-json\/wp\/v2\/types\/page"}],"author":[{"embeddable":true,"href":"https:\/\/animaking.com.br\/en\/wp-json\/wp\/v2\/users\/1"}],"replies":[{"embeddable":true,"href":"https:\/\/animaking.com.br\/en\/wp-json\/wp\/v2\/comments?post=122"}],"version-history":[{"count":86,"href":"https:\/\/animaking.com.br\/en\/wp-json\/wp\/v2\/pages\/122\/revisions"}],"predecessor-version":[{"id":2592,"href":"https:\/\/animaking.com.br\/en\/wp-json\/wp\/v2\/pages\/122\/revisions\/2592"}],"wp:attachment":[{"href":"https:\/\/animaking.com.br\/en\/wp-json\/wp\/v2\/media?parent=122"}],"curies":[{"name":"wp","href":"https:\/\/api.w.org\/{rel}","templated":true}]}}